{"id":998,"date":"2014-11-10T20:11:44","date_gmt":"2014-11-10T18:11:44","guid":{"rendered":"http:\/\/www.einmetjennahmenspreetzen.de\/wordpress\/?page_id=998"},"modified":"2014-11-17T02:29:23","modified_gmt":"2014-11-17T00:29:23","slug":"dvd-bestellen","status":"publish","type":"page","link":"http:\/\/www.einmetjennahmenspreetzen.de\/wordpress\/dvd-bestellen\/","title":{"rendered":"DVD bestellen"},"content":{"rendered":"<p><img decoding=\"async\" loading=\"lazy\" src=\"http:\/\/www.einmetjennahmenspreetzen.de\/wordpress\/wp-content\/uploads\/2014\/11\/preetzen_dvd_titel_perspektivisch.jpg\" width=\"150\" height=\"260\"><\/p>\n<p>16,95 EUR (+ 3,00 EUR Versandkosten)<br \/>\nerh\u00e4ltlich ab 16.11.2014<\/p>\n<p><script src=\"http:\/\/www.gratis-kontaktformular.de\/form.php?i=3393985cbf01bee3a4aa20\n1f30d0f59d\" type=\"text\/javascript\"><\/script><\/p>\n<p><strong>Bei Amazon ebenso erh\u00e4ltlich<\/strong> (ab 17.11.2014):<br \/>\n<a href=\"http:\/\/www.amazon.de\/Metjen-nahmens-Preetzen-Katja-Hensel\/dp\/B00PHBGW8Q\/ref=sr_1_1?ie=UTF8&#038;qid=1416183773&#038;sr=8-1\" target=\"_blank\">Hier klicken!<\/a><\/p>\n<p><strong>In Kiel ebenso erh\u00e4ltlich bei:<\/strong><\/p>\n<p><strong>Buchladen Zapata GmbH<\/strong><br \/>\nWilhelmplatz 6, 24116 Kiel<br \/>\nTel.: 0431-93639<br \/>\nFax: 0431-93704<br \/>\nE-Mail: <a href=\"mailto:agimos@aol.com\" target=\"_blank\">agimos@aol.com<\/a><br \/>\n<a href=\"http:\/\/www.zapatabuch.de\" target=\"_blank\">www.zapatabuch.de<\/a>, <a href=\"http:\/\/www.facebook.com\/Buchladen-Zapata\" target=\"_blank\">www.facebook.com\/Buchladen-Zapata<\/a><\/p>\n","protected":false},"excerpt":{"rendered":"<p>16,95 EUR (+ 3,00 EUR Versandkosten) erh\u00e4ltlich ab 16.11.2014 Bei Amazon ebenso erh\u00e4ltlich (ab 17.11.2014): Hier klicken! In Kiel ebenso erh\u00e4ltlich bei: Buchladen Zapata GmbH Wilhelmplatz 6, 24116 Kiel Tel.: 0431-93639 Fax: 0431-93704 E-Mail: agimos@aol.com www.zapatabuch.de, www.facebook.com\/Buchladen-Zapata<\/p>\n","protected":false},"author":1,"featured_media":0,"parent":0,"menu_order":0,"comment_status":"closed","ping_status":"open","template":"page-templates\/front-page.php","meta":[],"_links":{"self":[{"href":"http:\/\/www.einmetjennahmenspreetzen.de\/wordpress\/wp-json\/wp\/v2\/pages\/998"}],"collection":[{"href":"http:\/\/www.einmetjennahmenspreetzen.de\/wordpress\/wp-json\/wp\/v2\/pages"}],"about":[{"href":"http:\/\/www.einmetjennahmenspreetzen.de\/wordpress\/wp-json\/wp\/v2\/types\/page"}],"author":[{"embeddable":true,"href":"http:\/\/www.einmetjennahmenspreetzen.de\/wordpress\/wp-json\/wp\/v2\/users\/1"}],"replies":[{"embeddable":true,"href":"http:\/\/www.einmetjennahmenspreetzen.de\/wordpress\/wp-json\/wp\/v2\/comments?post=998"}],"version-history":[{"count":15,"href":"http:\/\/www.einmetjennahmenspreetzen.de\/wordpress\/wp-json\/wp\/v2\/pages\/998\/revisions"}],"predecessor-version":[{"id":1169,"href":"http:\/\/www.einmetjennahmenspreetzen.de\/wordpress\/wp-json\/wp\/v2\/pages\/998\/revisions\/1169"}],"wp:attachment":[{"href":"http:\/\/www.einmetjennahmenspreetzen.de\/wordpress\/wp-json\/wp\/v2\/media?parent=998"}],"curies":[{"name":"wp","href":"https:\/\/api.w.org\/{rel}","templated":true}]}}