{"id":85,"date":"2014-06-12T02:25:01","date_gmt":"2014-06-12T00:25:01","guid":{"rendered":"http:\/\/www.einmetjennahmenspreetzen.de\/wordpress\/?page_id=85"},"modified":"2014-11-15T11:21:00","modified_gmt":"2014-11-15T09:21:00","slug":"inhalt","status":"publish","type":"page","link":"http:\/\/www.einmetjennahmenspreetzen.de\/wordpress\/inhalt\/","title":{"rendered":"Inhalt"},"content":{"rendered":"<div style=\"text-align: justify;\">\n<h2>Erinnerung an einen Malefizprozess<\/h2>\n<p>Die Geschichte Kiels ist \u00e4lter als seine Marine und seine Werften. Sie war schon alt, als hier Hexen brannten.<\/p>\n<div style=\"float:right; margin-left:30px; text-align: center;\">\n<img decoding=\"async\" loading=\"lazy\" src=\"http:\/\/www.einmetjennahmenspreetzen.de\/wordpress\/wp-content\/uploads\/2014\/06\/01_inhalt_Verh\u00f6r-Antje-Preetzen.jpg\" width=\"700\" height=\"525\"><br \/>\n<em>Obergerichtsprotokoll der Stadt Kiel Nr. 7, 1674-1679 p. 217, not. chart. coaev. \u00a9 Stadtarchiv Kiel.<\/em>\n<\/div>\n<p>Am 25. April 1676 erw\u00e4hnen die Kieler Stadtprotokolle \u201eein Metjen nahmens Preetzen\u201c. Es klagt, seine Stiefmutter treibe \u201egottlose Sachen\u201c und f\u00fchre auf den \u201ed\u00fcstern bergk\u201c. Zwei Monate sp\u00e4ter werden zwei Hexen verbrannt \u2013 die letzten Hexen von Kiel. Es sind Anjes Stiefmutter, Trinke Preetzen, und Trinkes Vater, Hinrich Busch.<\/p>\n<p>Stand die kleine norddeutsche F\u00f6rdestadt im Bann von Hexenwahn und Hexenj\u00e4gern? Ganz und gar nicht. Und doch musste es so kommen. Wie es kam, erz\u00e4hlt das M\u00e4dchen selbst. Es hei\u00dft Anje Preetzen und ist 350 Jahre alt.<\/p>\n<p>Die Erinnerung dieses M\u00e4dchens ist aufgeladen mit Bildern des 17. Jahrhunderts: mit barocken Gem\u00e4lden, Holzdrucken, Kupferstichen und Quellen der Kieler Justiz. EIN METJEN NAHMENS PREETZEN ist Anje Preetzens Geschichte, ein illustriertes H\u00f6rspiel, ein Versuch, die Vergangenheit zu Wort kommen zu lassen.<\/p>\n<p><a href=\"http:\/\/www.fbw-filmbewertung.com\/film\/ein_metjen_nahmens_preetzen\" target=\"_blank\"><img decoding=\"async\" loading=\"lazy\" class=\"alignleft size-full wp-image-116\" src=\"http:\/\/www.einmetjennahmenspreetzen.de\/wordpress\/wp-content\/uploads\/2014\/06\/FBW_BW_100px.jpg\" alt=\"FBW_BW_100px\" width=\"100\" height=\"100\" \/><\/a><\/p>\n<p><img decoding=\"async\" loading=\"lazy\" class=\"alignright size-full wp-image-121\" src=\"http:\/\/www.einmetjennahmenspreetzen.de\/wordpress\/wp-content\/uploads\/2014\/06\/FSK-12J-KNZ_100px.jpg\" alt=\"FSK-12J KNZ Print 1200 4c.pdf\" width=\"100\" height=\"100\" \/><\/p>\n<p style=\"text-align: center;\"><em>\u201eUnglaublich, mit welch gro\u00dfer Genauigkeit und Materialf\u00fclle Koll seinen Film anreichert.\u201c<\/em><br \/>\n(Aus der Urteilsbegr\u00fcndung der Deutschen Film- und Medienbewertung FBW<br \/>\nzur Auszeichnung mit dem Pr\u00e4dikat \u201ebesonders wertvoll\u201c.)<\/p>\n<p style=\"text-align: center;\">Ein Metjen nahmens Preetzen \u2013 ein Film von Gerald Koll<br \/>\nDeutschland 2014, 89 Minuten, 16:9, Farbe, HD<\/p>\n<\/div>\n","protected":false},"excerpt":{"rendered":"<p>Erinnerung an einen Malefizprozess Die Geschichte Kiels ist \u00e4lter als seine Marine und seine Werften. Sie war schon alt, als hier Hexen brannten. Obergerichtsprotokoll der Stadt Kiel Nr. 7, 1674-1679 p. 217, not. chart. coaev. \u00a9 Stadtarchiv Kiel. Am 25. April 1676 erw\u00e4hnen die Kieler Stadtprotokolle \u201eein Metjen nahmens Preetzen\u201c. Es klagt, seine Stiefmutter treibe [&hellip;]<\/p>\n","protected":false},"author":1,"featured_media":0,"parent":0,"menu_order":0,"comment_status":"open","ping_status":"open","template":"page-templates\/front-page.php","meta":[],"_links":{"self":[{"href":"http:\/\/www.einmetjennahmenspreetzen.de\/wordpress\/wp-json\/wp\/v2\/pages\/85"}],"collection":[{"href":"http:\/\/www.einmetjennahmenspreetzen.de\/wordpress\/wp-json\/wp\/v2\/pages"}],"about":[{"href":"http:\/\/www.einmetjennahmenspreetzen.de\/wordpress\/wp-json\/wp\/v2\/types\/page"}],"author":[{"embeddable":true,"href":"http:\/\/www.einmetjennahmenspreetzen.de\/wordpress\/wp-json\/wp\/v2\/users\/1"}],"replies":[{"embeddable":true,"href":"http:\/\/www.einmetjennahmenspreetzen.de\/wordpress\/wp-json\/wp\/v2\/comments?post=85"}],"version-history":[{"count":43,"href":"http:\/\/www.einmetjennahmenspreetzen.de\/wordpress\/wp-json\/wp\/v2\/pages\/85\/revisions"}],"predecessor-version":[{"id":1139,"href":"http:\/\/www.einmetjennahmenspreetzen.de\/wordpress\/wp-json\/wp\/v2\/pages\/85\/revisions\/1139"}],"wp:attachment":[{"href":"http:\/\/www.einmetjennahmenspreetzen.de\/wordpress\/wp-json\/wp\/v2\/media?parent=85"}],"curies":[{"name":"wp","href":"https:\/\/api.w.org\/{rel}","templated":true}]}}