{"id":69,"date":"2014-06-12T01:48:48","date_gmt":"2014-06-11T23:48:48","guid":{"rendered":"http:\/\/www.einmetjennahmenspreetzen.de\/wordpress\/?page_id=69"},"modified":"2022-03-19T14:45:33","modified_gmt":"2022-03-19T12:45:33","slug":"impressum","status":"publish","type":"page","link":"http:\/\/www.einmetjennahmenspreetzen.de\/wordpress\/impressum\/","title":{"rendered":"Impressum"},"content":{"rendered":"<div style=\"text-align: justify;\"><strong>Herausgeber:<\/strong><br \/>Dr. Gerald Koll<br \/>Gro\u00dfg\u00f6rschenstra\u00dfe 37<br \/>10827 Berlin<br \/>Tel.: 030-41715816<br \/><a href=\"mailto:gerald.koll@gmx.de\" target=\"_blank\" rel=\"noopener\">gerald.koll@gmx.de<\/a><br \/>V.i.S.d.P.\n<p>\u00a0<\/p>\n<p><strong>Webdesign:<\/strong><br \/>J\u00f6rg Meyer<br \/>Rathausstr. 11<br \/>24103 Kiel<br \/>Tel.: 0431-2602656<br \/><a href=\"mailto:meyer.kiel@googlemail.com\" target=\"_blank\" rel=\"noopener\">meyer.kiel@googlemail.com<\/a><\/p>\n<p><strong>Texte:<\/strong><br \/>Dr. Gerald Koll<br \/>\u00a9 2022<\/p>\n<p><strong>Abbildungen:<\/strong><br \/>Kopf-Bild auf allen Seiten: Ausschnitt aus: Hans Baldung-Grien (1514). \u00a9 Grafische Sammlung Albertina, Wien.<br \/>Weitere Abbildungsnachweise jeweils auf den Seiten.<\/p>\n<p><strong>Rechtlicher Hinweis:<\/strong><br \/>Mit Urteil vom 12. Mai 1998 (312 O 85\/98: \u201eHaftung f\u00fcr Links\u201c) hat das Landgericht Hamburg entschieden, dass mit Anbringung eines Links die Inhalte der gelinkten Seite ggf. mit zu verantworten sind. Dies kann &#8211; so das Landgericht &#8211; ausschlie\u00dflich dadurch verhindert werden, indem man sich von diesen Inhalten ausdr\u00fccklich distanziert. Auf dieser Website befinden sich Links zu anderen Websites. Trotz sorgf\u00e4ltiger Auswahl der Verlinkung, besteht keinerlei Einfluss auf die Inhalte, Gestaltung, Funktionsf\u00e4higkeit, Fehlerfreiheit oder Rechtm\u00e4\u00dfigkeit der verlinkten Seiten. Daher wird hierf\u00fcr keinerlei Verantwortung \u00fcbernommen. Diese Erkl\u00e4rung gilt f\u00fcr alle auf diesen Seiten angebrachten Links und f\u00fcr die Inhalte aller Seiten, zu denen die angebrachten Links f\u00fchren. Hiermit distanzieren wir uns ausdr\u00fccklich von allen Inhalten aller gelinkten Seiten.<br \/>Auf dieser Website werden Informationen und Daten zur Verf\u00fcgung gestellt, die sorgf\u00e4ltig recherchiert und gepr\u00fcft wurden. Trotz aller Sorgfalt kann f\u00fcr die Richtigkeit, Vollst\u00e4ndigkeit und Aktualit\u00e4t keine Gew\u00e4hr \u00fcbernommen werden. Es wird insofern keine Garantie oder Haftung, insbesondere nicht f\u00fcr direkte oder indirekte Sch\u00e4den \u00fcbernommen, die durch die Nutzung dieser Informationen oder Daten entstehen.<br \/>Alle gesch\u00fctzten Produkt- und Markennamen werden auf dieser Website nur zu Zwecken der Identifizierung dieser genannt. Eine Verletzung von Warenzeichen ist nicht beabsichtigt. Warenzeichen geh\u00f6ren den jeweiligen Inhabern.<\/p>\n<p><strong>Datenschutz:<\/strong><br \/>Auf dieser Website werden keine Daten \u00fcber die Nutzer registriert, gesammelt oder gespeichert, au\u00dfer bei DVD-Bestellung die eingegebenen Daten. Weiterhin erfassen\u00a0Web-Statistik-Programme anonymisierte Daten \u00fcber Anzahl der Zugriffe auf die Seiten.<\/p>\n<\/div>\n\n\n<p><\/p>\n","protected":false},"excerpt":{"rendered":"<p>Herausgeber:Dr. Gerald KollGro\u00dfg\u00f6rschenstra\u00dfe 3710827 BerlinTel.: 030-41715816gerald.koll@gmx.deV.i.S.d.P. \u00a0 Webdesign:J\u00f6rg MeyerRathausstr. 1124103 KielTel.: 0431-2602656meyer.kiel@googlemail.com Texte:Dr. Gerald Koll\u00a9 2022 Abbildungen:Kopf-Bild auf allen Seiten: Ausschnitt aus: Hans Baldung-Grien (1514). \u00a9 Grafische Sammlung Albertina, Wien.Weitere Abbildungsnachweise jeweils auf den Seiten. Rechtlicher Hinweis:Mit Urteil vom 12. Mai 1998 (312 O 85\/98: \u201eHaftung f\u00fcr Links\u201c) hat das Landgericht Hamburg entschieden, dass mit [&hellip;]<\/p>\n","protected":false},"author":1,"featured_media":0,"parent":0,"menu_order":0,"comment_status":"open","ping_status":"open","template":"page-templates\/front-page.php","meta":[],"_links":{"self":[{"href":"http:\/\/www.einmetjennahmenspreetzen.de\/wordpress\/wp-json\/wp\/v2\/pages\/69"}],"collection":[{"href":"http:\/\/www.einmetjennahmenspreetzen.de\/wordpress\/wp-json\/wp\/v2\/pages"}],"about":[{"href":"http:\/\/www.einmetjennahmenspreetzen.de\/wordpress\/wp-json\/wp\/v2\/types\/page"}],"author":[{"embeddable":true,"href":"http:\/\/www.einmetjennahmenspreetzen.de\/wordpress\/wp-json\/wp\/v2\/users\/1"}],"replies":[{"embeddable":true,"href":"http:\/\/www.einmetjennahmenspreetzen.de\/wordpress\/wp-json\/wp\/v2\/comments?post=69"}],"version-history":[{"count":18,"href":"http:\/\/www.einmetjennahmenspreetzen.de\/wordpress\/wp-json\/wp\/v2\/pages\/69\/revisions"}],"predecessor-version":[{"id":1210,"href":"http:\/\/www.einmetjennahmenspreetzen.de\/wordpress\/wp-json\/wp\/v2\/pages\/69\/revisions\/1210"}],"wp:attachment":[{"href":"http:\/\/www.einmetjennahmenspreetzen.de\/wordpress\/wp-json\/wp\/v2\/media?parent=69"}],"curies":[{"name":"wp","href":"https:\/\/api.w.org\/{rel}","templated":true}]}}