{"id":65,"date":"2014-06-12T01:42:21","date_gmt":"2014-06-11T23:42:21","guid":{"rendered":"http:\/\/www.einmetjennahmenspreetzen.de\/wordpress\/?page_id=65"},"modified":"2017-08-24T06:08:21","modified_gmt":"2017-08-24T04:08:21","slug":"filmfinder","status":"publish","type":"page","link":"http:\/\/www.einmetjennahmenspreetzen.de\/wordpress\/filmfinder\/","title":{"rendered":"Filmfinder"},"content":{"rendered":"<h3>Festival<\/h3>\n<p>Mi, 14.10.2015 | 19.40 Uhr | Arch\u00e4omediale &amp; Cinarchea &#8211; Internationales Arch\u00e4ologie-Film-Medien-Festival | Pauli-Kloster in Brandenburg \/ Arch\u00e4ologisches Landesmuseum Brandenburg, <a href=\"http:\/\/www.landesmuseum-brandenburg.de\/de\/veranstaltungen\/archaeomediale-cinarchea\/\" target=\"_blank\" rel=\"noopener\">Arch\u00e4omediale &amp; Cinarchea<\/a>, <strong>Er\u00f6ffnungsabend<\/strong><\/p>\n<h3>Kino<\/h3>\n<p>So, 16.11.2014 | 11.00 Uhr | Kiel, <a href=\"http:\/\/www.diepumpe.de\/veranstaltungen\/kategorie\/kino\/\" target=\"_blank\" rel=\"noopener\">Kino in der Pumpe<\/a>, <strong>Premierenmatinee<\/strong><br \/>\nMo, 17.11.2014 | 18.30 Uhr | Kiel, <a href=\"http:\/\/www.diepumpe.de\/veranstaltungen\/kategorie\/kino\/\" target=\"_blank\" rel=\"noopener\">Kino in der Pumpe<\/a><br \/>\nDo, 20.11.2014 | 20.30 Uhr | Kiel, <a href=\"http:\/\/www.diepumpe.de\/veranstaltungen\/kategorie\/kino\/\" target=\"_blank\" rel=\"noopener\">Kino in der Pumpe<\/a><br \/>\nFr, 21.11.2014 | 18.30 Uhr | Kiel, <a href=\"http:\/\/www.diepumpe.de\/veranstaltungen\/kategorie\/kino\/\" target=\"_blank\" rel=\"noopener\">Kino in der Pumpe<\/a><br \/>\nSo, 30.11.2014 | 12.15 Uhr | Kiel, <a href=\"http:\/\/www.cinemaxx.de\/\" target=\"_blank\" rel=\"noopener\">CinemaxX<\/a> (geschlossene Veranstaltung f\u00fcr Lehr- und Bildungskr\u00e4fte)<br \/>\nMo, 26.01.2015 | 17.00 Uhr | Kiel, <a href=\"http:\/\/www.diepumpe.de\/veranstaltungen\/kategorie\/kino\/\" target=\"_blank\" rel=\"noopener\">Kino in der Pumpe<\/a><br \/>\nMo, 02.02.2015 | 17.00 Uhr | Kiel, <a href=\"http:\/\/www.diepumpe.de\/veranstaltungen\/kategorie\/kino\/\" target=\"_blank\" rel=\"noopener\">Kino in der Pumpe<\/a><br \/>\nMo, 03.02.2015 | 17.00 Uhr | Kiel, <a href=\"http:\/\/www.diepumpe.de\/veranstaltungen\/kategorie\/kino\/\" target=\"_blank\" rel=\"noopener\">Kino in der Pumpe<\/a><br \/>\nMo, 04.02.2015 | 17.00 Uhr | Kiel, <a href=\"http:\/\/www.diepumpe.de\/veranstaltungen\/kategorie\/kino\/\" target=\"_blank\" rel=\"noopener\">Kino in der Pumpe<\/a><br \/>\nSbd, 28.02.2015 | 15.00 Uhr | Kiel, <a>Kieler Stadt- und Schifffahrtsmuseum Warleberger Hof &#8211; Kieler Umschlag 2015<\/a><br \/>\n2015 | offen | Kiel, <a>Kieler Museumsnacht<\/a><br \/>\nDo, 07.09.2017 | 19.00 Uhr | Kiel, KulturForum (<a href=\"http:\/\/www.infomedia-sh.org\/index.php?page=nl_1709_filmfoerde_preetzen\" target=\"_blank\" rel=\"noopener\">FilmF\u00f6rde #17<\/a>)<\/p>\n<h3>DVD<\/h3>\n<p><img decoding=\"async\" loading=\"lazy\" src=\"http:\/\/www.einmetjennahmenspreetzen.de\/wordpress\/wp-content\/uploads\/2014\/11\/preetzen_dvd_titel_perspektivisch.jpg\" alt=\"\" width=\"130\" height=\"260\" \/><\/p>\n<p><strong>16,95 EUR<\/strong> (+ 3,00 EUR Versandkosten)<\/p>\n<p><strong>Bei Amazon<\/strong>:<br \/>\n<a href=\"http:\/\/www.amazon.de\/Metjen-nahmens-Preetzen-Katja-Hensel\/dp\/B00PHBGW8Q\/ref=sr_1_1?ie=UTF8&amp;qid=1416183773&amp;sr=8-1\" target=\"_blank\" rel=\"noopener\">Hier klicken!<\/a><\/p>\n<p><strong>Im Kieler Handel bei:<\/strong><br \/>\n<strong>Buchladen Zapata GmbH<\/strong><br \/>\nWilhelmplatz 6, 24116 Kiel<br \/>\nTel.: 0431-93639<br \/>\nFax: 0431-93704<br \/>\nE-Mail: <a href=\"mailto:agimos@aol.com\" target=\"_blank\" rel=\"noopener\">agimos@aol.com<\/a><br \/>\n<a href=\"http:\/\/www.zapatabuch.de\" target=\"_blank\" rel=\"noopener\">www.zapatabuch.de<\/a>, <a href=\"http:\/\/www.facebook.com\/Buchladen-Zapata\" target=\"_blank\" rel=\"noopener\">www.facebook.com\/Buchladen-Zapata<\/a><\/p>\n","protected":false},"excerpt":{"rendered":"<p>Festival Mi, 14.10.2015 | 19.40 Uhr | Arch\u00e4omediale &amp; Cinarchea &#8211; Internationales Arch\u00e4ologie-Film-Medien-Festival | Pauli-Kloster in Brandenburg \/ Arch\u00e4ologisches Landesmuseum Brandenburg, Arch\u00e4omediale &amp; Cinarchea, Er\u00f6ffnungsabend Kino So, 16.11.2014 | 11.00 Uhr | Kiel, Kino in der Pumpe, Premierenmatinee Mo, 17.11.2014 | 18.30 Uhr | Kiel, Kino in der Pumpe Do, 20.11.2014 | 20.30 Uhr | [&hellip;]<\/p>\n","protected":false},"author":1,"featured_media":0,"parent":0,"menu_order":0,"comment_status":"open","ping_status":"open","template":"page-templates\/front-page.php","meta":[],"_links":{"self":[{"href":"http:\/\/www.einmetjennahmenspreetzen.de\/wordpress\/wp-json\/wp\/v2\/pages\/65"}],"collection":[{"href":"http:\/\/www.einmetjennahmenspreetzen.de\/wordpress\/wp-json\/wp\/v2\/pages"}],"about":[{"href":"http:\/\/www.einmetjennahmenspreetzen.de\/wordpress\/wp-json\/wp\/v2\/types\/page"}],"author":[{"embeddable":true,"href":"http:\/\/www.einmetjennahmenspreetzen.de\/wordpress\/wp-json\/wp\/v2\/users\/1"}],"replies":[{"embeddable":true,"href":"http:\/\/www.einmetjennahmenspreetzen.de\/wordpress\/wp-json\/wp\/v2\/comments?post=65"}],"version-history":[{"count":48,"href":"http:\/\/www.einmetjennahmenspreetzen.de\/wordpress\/wp-json\/wp\/v2\/pages\/65\/revisions"}],"predecessor-version":[{"id":1205,"href":"http:\/\/www.einmetjennahmenspreetzen.de\/wordpress\/wp-json\/wp\/v2\/pages\/65\/revisions\/1205"}],"wp:attachment":[{"href":"http:\/\/www.einmetjennahmenspreetzen.de\/wordpress\/wp-json\/wp\/v2\/media?parent=65"}],"curies":[{"name":"wp","href":"https:\/\/api.w.org\/{rel}","templated":true}]}}