{"id":531,"date":"2014-06-28T06:44:22","date_gmt":"2014-06-28T04:44:22","guid":{"rendered":"http:\/\/www.einmetjennahmenspreetzen.de\/wordpress\/?page_id=531"},"modified":"2014-07-09T02:53:32","modified_gmt":"2014-07-09T00:53:32","slug":"musik","status":"publish","type":"page","link":"http:\/\/www.einmetjennahmenspreetzen.de\/wordpress\/musik\/","title":{"rendered":"Musik"},"content":{"rendered":"<h2>Bemerkungen zur Musik<\/h2>\n<div style=\"text-align: justify;\">\nNeben modernen Kompositionen, im Geiste des Barock komponierten Musiken und Bearbeitungen von Musiken des 17. Jahrhunderts greift \u201eEin Metjen nahmens Preetzen\u201c auf eine bizarre Musik-Trouvaille <a href=\"http:\/\/www.einmetjennahmenspreetzen.de\/wordpress\/kiel-im-jahr-1676\/\">Kiels<\/a> zur\u00fcck \u2013 ein Fundst\u00fcck, das 350 Jahre lang weitgehend vergessen war. Erstaunlich angesichts der raren Momente, in denen eigens f\u00fcr Kiel eine Musik komponiert wurde. In den vergangenen 50.000 Jahren d\u00fcrfte es davon nicht viele gegeben haben. Es handelt sich um die sogenannten \u201eOdae Concertantes\u201c.\n<\/div>\n<p><\/p>\n<div style=\"text-align: center;\">\n<img decoding=\"async\" loading=\"lazy\" src=\"http:\/\/www.einmetjennahmenspreetzen.de\/wordpress\/wp-content\/uploads\/2014\/06\/Musikanten_Web.jpg\" width=\"600\" height=\"455\" \/><\/p>\n<p><em>Umzug der Musikanten zur Inauguratio der Christian-Albrechts-Universit\u00e4t 1665. Stich evtl. von Hans Strau\u00df. In: Alexandro Julio Torquato Frangipani: Inaugurationis Academiae Kiloniae, 1666. \u00a9 Herzog August Bibliothek Wolfenb\u00fcttel.<\/em>\n<\/div>\n<div style=\"text-align: justify;\">\n<div style=\"float: right; margin-left: 30px; text-align: center;\">\n<img decoding=\"async\" loading=\"lazy\" src=\"http:\/\/www.einmetjennahmenspreetzen.de\/wordpress\/wp-content\/uploads\/2014\/06\/odae.jpg\" width=\"500\" height=\"612\"><br \/>\n<em>Odae Concertantes. Musik: Augustin Pfleger. Text: Peter Mus\u00e4us.<br \/>\nNotenblatt einer Hymne auf Kaiser Ferdinand. In: Alexandro Julio<br \/>\nTorquato Frangipani: Inaugurationis Academiae Kiloniae, 1666.<br \/>\n\u00a9 Herzog August Bibliothek Wolfenb\u00fcttel.<\/em>\n<\/div>\n<p>Die \u201eOdae Concertantes\u201c entstanden 1665 anl\u00e4sslich der Einweihung der <a href=\"http:\/\/www.einmetjennahmenspreetzen.de\/wordpress\/christian-albr\u2026s-universitaet\/\">Christian-Albrechts-Universit\u00e4t zu Kiel<\/a>. Der am Herzogssitz in Schleswig dienende Hofkomponist Augustin Pfleger wurde mit der Komposition beauftragt. Es handelt sich um Hymnen, Lobges\u00e4nge, also musikalische Huldigungen jener Personen, denen die Universit\u00e4t ihre Existenz zu verdanken hat: Herzog Christian Albrecht, sein verstorbener Vater Herzog Friedrich III., Kaiser Leopold I. Die (lateinischen) Texte der Lobeshymnen dichtete der designierte erste Prorektor (der Titel des Rektors war dem Herzog vorbehalten) der Universit\u00e4t, Professor Peter Mus\u00e4us.<\/p>\n<p>Diese barocken, ganz der W\u00fcrde der Festlichkeit verpflichteten Musiken sind in Kiel zu den Einweihungsfeierlichkeiten in der ersten Oktoberwoche 1665 (ur-) aufgef\u00fchrt worden. Seither allerdings kaum noch &#8211; wenn \u00fcberhaupt. Die Noten finden sich indes in der Schrift, die den Gr\u00fcndungsakt ausf\u00fchrlich dokumentiert bzw. verherrlicht (\u201eChristiano Albertinae Inauguratio o.O. 1666\u201c), verfasst von Oberst und Baron Alexander Julius Torquatus a Frangipani, der am Gottorfischen Hof besch\u00e4ftigt war und als Augenzeuge den Feierlichkeiten beiwohnte.<\/p>\n<p>Die barocken Noten \u2013 sowohl Schl\u00fcssel als auch Notensetzung \u2013 der \u201eOdae Concertantes\u201c sind f\u00fcr die meisten heutigen Musiker unlesbar. Anders als im Barock, verwendet man heute nur noch Violin-, Bass- und gelegentlich auch noch den Bratschen- oder Tenorschl\u00fcssel. Sie wurden daher transskribiert, ebenso wie die zeitgen\u00f6ssisch \u00fcblichen zahlreichen Abbreviaturen und die Generalbass-Notation.<\/p>\n<p>Bei solcher Transskription und nachfolgender synthesizender Vertonung mit einem Notensatz- und Musikprogramm enth\u00fcllte sich ein barockes musikalisches Kleinod, das in all seiner damaligen Konventionalit\u00e4t einen norddeutschen Kleinmeister zeigt, der sein Handwerk verstand. Die \u201eOdae Concertantes\u201c sind ein \u00fcbersehenes Dokument barocker Gebrauchsmusik.<\/p>\n<p><a href=\"https:\/\/soundcloud.com\/oegyr\/sets\/augustinus-pfleger-odae\" target=\"_blank\">Augustinus Pfleger: \u201eOdae concertantes\u201c (1665)<\/a><br \/>\n(transskribiert von J\u00f6rg Meyer)<\/p>\n<h3>J\u00f6rg Meyers Soundtrack f\u00fcr \u201eEin Metjen nahmens Preetzen&#8220;<\/h3>\n<p>\u201ePreetzen\u2019s Theme 1\u201c:<\/p>\n<!--[if lt IE 9]><script>document.createElement('audio');<\/script><![endif]-->\n<audio class=\"wp-audio-shortcode\" id=\"audio-531-1\" preload=\"none\" style=\"width: 100%;\" controls=\"controls\"><source type=\"audio\/mpeg\" src=\"http:\/\/www.einmetjennahmenspreetzen.de\/wordpress\/wp-content\/uploads\/2014\/06\/preetzens-theme-1.mp3?_=1\" \/><a href=\"http:\/\/www.einmetjennahmenspreetzen.de\/wordpress\/wp-content\/uploads\/2014\/06\/preetzens-theme-1.mp3\">http:\/\/www.einmetjennahmenspreetzen.de\/wordpress\/wp-content\/uploads\/2014\/06\/preetzens-theme-1.mp3<\/a><\/audio>\n<p>&nbsp;<\/p>\n<p>\u201ePreetzen\u2019s Theme 2\u201c:<\/p>\n<audio class=\"wp-audio-shortcode\" id=\"audio-531-2\" preload=\"none\" style=\"width: 100%;\" controls=\"controls\"><source type=\"audio\/mpeg\" src=\"http:\/\/www.einmetjennahmenspreetzen.de\/wordpress\/wp-content\/uploads\/2014\/06\/preetzens-theme-2.mp3?_=2\" \/><a href=\"http:\/\/www.einmetjennahmenspreetzen.de\/wordpress\/wp-content\/uploads\/2014\/06\/preetzens-theme-2.mp3\">http:\/\/www.einmetjennahmenspreetzen.de\/wordpress\/wp-content\/uploads\/2014\/06\/preetzens-theme-2.mp3<\/a><\/audio>\n<p>&nbsp;<\/p>\n<p>\u201eauff dem d\u00fcstern bergk\u201c<\/p>\n<audio class=\"wp-audio-shortcode\" id=\"audio-531-3\" preload=\"none\" style=\"width: 100%;\" controls=\"controls\"><source type=\"audio\/mpeg\" src=\"http:\/\/www.einmetjennahmenspreetzen.de\/wordpress\/wp-content\/uploads\/2014\/06\/auff-dem-d\u00fcstern-bergk.mp3?_=3\" \/><a href=\"http:\/\/www.einmetjennahmenspreetzen.de\/wordpress\/wp-content\/uploads\/2014\/06\/auff-dem-d\u00fcstern-bergk.mp3\">http:\/\/www.einmetjennahmenspreetzen.de\/wordpress\/wp-content\/uploads\/2014\/06\/auff-dem-d\u00fcstern-bergk.mp3<\/a><\/audio>\n<p>&nbsp;<\/p>\n<p>\u201ewindiges metjen\u201c<\/p>\n<audio class=\"wp-audio-shortcode\" id=\"audio-531-4\" preload=\"none\" style=\"width: 100%;\" controls=\"controls\"><source type=\"audio\/mpeg\" src=\"http:\/\/www.einmetjennahmenspreetzen.de\/wordpress\/wp-content\/uploads\/2014\/06\/windiges-m\u00e4dchen.mp3?_=4\" \/><a href=\"http:\/\/www.einmetjennahmenspreetzen.de\/wordpress\/wp-content\/uploads\/2014\/06\/windiges-m\u00e4dchen.mp3\">http:\/\/www.einmetjennahmenspreetzen.de\/wordpress\/wp-content\/uploads\/2014\/06\/windiges-m\u00e4dchen.mp3<\/a><\/audio>\n<p>&nbsp;<\/p>\n<p>\u201esch\u00fcchternes metjen\u201c<\/p>\n<audio class=\"wp-audio-shortcode\" id=\"audio-531-5\" preload=\"none\" style=\"width: 100%;\" controls=\"controls\"><source type=\"audio\/mpeg\" src=\"http:\/\/www.einmetjennahmenspreetzen.de\/wordpress\/wp-content\/uploads\/2014\/06\/sch\u00fcchternes-metjen.mp3?_=5\" \/><a href=\"http:\/\/www.einmetjennahmenspreetzen.de\/wordpress\/wp-content\/uploads\/2014\/06\/sch\u00fcchternes-metjen.mp3\">http:\/\/www.einmetjennahmenspreetzen.de\/wordpress\/wp-content\/uploads\/2014\/06\/sch\u00fcchternes-metjen.mp3<\/a><\/audio>\n<p>&nbsp;<\/p>\n<p>\u201eagnus dei\u201c<\/p>\n<audio class=\"wp-audio-shortcode\" id=\"audio-531-6\" preload=\"none\" style=\"width: 100%;\" controls=\"controls\"><source type=\"audio\/mpeg\" src=\"http:\/\/www.einmetjennahmenspreetzen.de\/wordpress\/wp-content\/uploads\/2014\/06\/agnus-dei.mp3?_=6\" \/><a href=\"http:\/\/www.einmetjennahmenspreetzen.de\/wordpress\/wp-content\/uploads\/2014\/06\/agnus-dei.mp3\">http:\/\/www.einmetjennahmenspreetzen.de\/wordpress\/wp-content\/uploads\/2014\/06\/agnus-dei.mp3<\/a><\/audio>\n<p>&nbsp;<\/p>\n<p>\u201efuga in c\u201c<\/p>\n<audio class=\"wp-audio-shortcode\" id=\"audio-531-7\" preload=\"none\" style=\"width: 100%;\" controls=\"controls\"><source type=\"audio\/mpeg\" src=\"http:\/\/www.einmetjennahmenspreetzen.de\/wordpress\/wp-content\/uploads\/2014\/06\/Fuga-in-c-\u00f6gyr-Gitarre.mp3?_=7\" \/><a href=\"http:\/\/www.einmetjennahmenspreetzen.de\/wordpress\/wp-content\/uploads\/2014\/06\/Fuga-in-c-\u00f6gyr-Gitarre.mp3\">http:\/\/www.einmetjennahmenspreetzen.de\/wordpress\/wp-content\/uploads\/2014\/06\/Fuga-in-c-\u00f6gyr-Gitarre.mp3<\/a><\/audio>\n<p>&nbsp;<\/p>\n<p><a href=\"http:\/\/www.schwungkunst.de\/wordpress\/?p=3000\" target=\"_blank\">\u201etestostereo (Preetzen\u2019s Theme 3)\u201c<\/a><\/p>\n<\/div>\n","protected":false},"excerpt":{"rendered":"<p>Bemerkungen zur Musik Neben modernen Kompositionen, im Geiste des Barock komponierten Musiken und Bearbeitungen von Musiken des 17. Jahrhunderts greift \u201eEin Metjen nahmens Preetzen\u201c auf eine bizarre Musik-Trouvaille Kiels zur\u00fcck \u2013 ein Fundst\u00fcck, das 350 Jahre lang weitgehend vergessen war. Erstaunlich angesichts der raren Momente, in denen eigens f\u00fcr Kiel eine Musik komponiert wurde. In [&hellip;]<\/p>\n","protected":false},"author":1,"featured_media":0,"parent":0,"menu_order":0,"comment_status":"open","ping_status":"open","template":"page-templates\/front-page.php","meta":[],"_links":{"self":[{"href":"http:\/\/www.einmetjennahmenspreetzen.de\/wordpress\/wp-json\/wp\/v2\/pages\/531"}],"collection":[{"href":"http:\/\/www.einmetjennahmenspreetzen.de\/wordpress\/wp-json\/wp\/v2\/pages"}],"about":[{"href":"http:\/\/www.einmetjennahmenspreetzen.de\/wordpress\/wp-json\/wp\/v2\/types\/page"}],"author":[{"embeddable":true,"href":"http:\/\/www.einmetjennahmenspreetzen.de\/wordpress\/wp-json\/wp\/v2\/users\/1"}],"replies":[{"embeddable":true,"href":"http:\/\/www.einmetjennahmenspreetzen.de\/wordpress\/wp-json\/wp\/v2\/comments?post=531"}],"version-history":[{"count":45,"href":"http:\/\/www.einmetjennahmenspreetzen.de\/wordpress\/wp-json\/wp\/v2\/pages\/531\/revisions"}],"predecessor-version":[{"id":922,"href":"http:\/\/www.einmetjennahmenspreetzen.de\/wordpress\/wp-json\/wp\/v2\/pages\/531\/revisions\/922"}],"wp:attachment":[{"href":"http:\/\/www.einmetjennahmenspreetzen.de\/wordpress\/wp-json\/wp\/v2\/media?parent=531"}],"curies":[{"name":"wp","href":"https:\/\/api.w.org\/{rel}","templated":true}]}}