{"id":52,"date":"2014-06-12T01:17:19","date_gmt":"2014-06-11T23:17:19","guid":{"rendered":"http:\/\/www.einmetjennahmenspreetzen.de\/wordpress\/?page_id=52"},"modified":"2014-07-25T23:19:55","modified_gmt":"2014-07-25T21:19:55","slug":"presse","status":"publish","type":"page","link":"http:\/\/www.einmetjennahmenspreetzen.de\/wordpress\/presse\/","title":{"rendered":"Presse"},"content":{"rendered":"<h3>Presse-Fotos<\/h3>\n<p><strong><a href=\"http:\/\/www.einmetjennahmenspreetzen.de\/wordpress\/wp-content\/uploads\/2014\/06\/1-Peinliches-Verh\u00f6r-1676.jpg\">1: Peinliches Verh\u00f6r (1676):<\/a><\/strong> Zeitgen\u00f6ssische Darstellung aus: Hermann L\u00f6her: Die Wehm\u00fctige Klage der frommen Unschuldigen. Amsterdam 1676.<br \/>\n<a href=\"http:\/\/www.einmetjennahmenspreetzen.de\/wordpress\/wp-content\/uploads\/2014\/06\/1-Peinliches-Verh\u00f6r-1676.jpg\"><img decoding=\"async\" loading=\"lazy\" src=\"http:\/\/www.einmetjennahmenspreetzen.de\/wordpress\/wp-content\/uploads\/2014\/07\/presse_1.jpg\" alt=\"presse_1\" width=\"200\" height=\"143\" \/><\/a><\/p>\n<p><strong><a href=\"http:\/\/www.einmetjennahmenspreetzen.de\/wordpress\/wp-content\/uploads\/2014\/06\/2-Hexenverbrennung-1676.jpg\">2: Hexenverbrennung (1676):<\/a><\/strong>\u00a0Zeitgen\u00f6ssische Darstellung aus: Hermann L\u00f6her: Die Wehm\u00fctige Klage der frommen Unschuldigen. Amsterdam 1676.<br \/>\n<a href=\"http:\/\/www.einmetjennahmenspreetzen.de\/wordpress\/wp-content\/uploads\/2014\/06\/2-Hexenverbrennung-1676.jpg\"><img decoding=\"async\" loading=\"lazy\" src=\"http:\/\/www.einmetjennahmenspreetzen.de\/wordpress\/wp-content\/uploads\/2014\/07\/presse_2.jpg\" alt=\"presse_2\" width=\"200\" height=\"146\" \/><\/a><\/p>\n<p><strong><a href=\"http:\/\/www.einmetjennahmenspreetzen.de\/wordpress\/wp-content\/uploads\/2014\/06\/3-Hexentanz.jpg\">3: Hexentanz:<\/a><\/strong>\u00a0Foto: Gerald Koll.<br \/>\n<a href=\"http:\/\/www.einmetjennahmenspreetzen.de\/wordpress\/wp-content\/uploads\/2014\/06\/3-Hexentanz.jpg\"><img decoding=\"async\" loading=\"lazy\" src=\"http:\/\/www.einmetjennahmenspreetzen.de\/wordpress\/wp-content\/uploads\/2014\/07\/presse_3.jpg\" alt=\"presse_3\" width=\"200\" height=\"113\" \/><\/a><\/p>\n<p><strong><a href=\"http:\/\/www.einmetjennahmenspreetzen.de\/wordpress\/wp-content\/uploads\/2014\/06\/4-Hexen-nach-Hans-Baldung-Grien-1514.jpg\">4: Hexen nach Hans Baldung-Grien (1514):<\/a><\/strong> Ausschnitt einer Zeichnung von Hans Baldung-Grien (1514). Grafische Sammlung Albertina, Wien.<br \/>\n<a href=\"http:\/\/www.einmetjennahmenspreetzen.de\/wordpress\/wp-content\/uploads\/2014\/06\/4-Hexen-nach-Hans-Baldung-Grien-1514.jpg\"><img decoding=\"async\" loading=\"lazy\" src=\"http:\/\/www.einmetjennahmenspreetzen.de\/wordpress\/wp-content\/uploads\/2014\/07\/presse_4.jpg\" alt=\"presse_4\" width=\"200\" height=\"113\" class=\"alignnone size-full wp-image-784\" \/><\/a><\/p>\n<p><strong><a href=\"http:\/\/www.einmetjennahmenspreetzen.de\/wordpress\/wp-content\/uploads\/2014\/06\/5-Quelle-Aussage-von-Anje-Preetzen-1676.jpg\"> 5: Quelle \u2013 Aussage von Anje Preetzen (1676):<\/a><\/strong> 25.4.1676. Protokolle des Kieler Obergerichtes (Judicium superius Kiloniense),\u00a01633 &#8211; 1845. Kieler Stadtarchiv.<br \/>\n<a href=\"http:\/\/www.einmetjennahmenspreetzen.de\/wordpress\/wp-content\/uploads\/2014\/06\/5-Quelle-Aussage-von-Anje-Preetzen-1676.jpg\"><img decoding=\"async\" loading=\"lazy\" src=\"http:\/\/www.einmetjennahmenspreetzen.de\/wordpress\/wp-content\/uploads\/2014\/07\/presse_5.jpg\" alt=\"presse_5\" width=\"200\" height=\"112\" class=\"alignnone size-full wp-image-785\" \/><\/a><\/p>\n<p><strong><a href=\"http:\/\/www.einmetjennahmenspreetzen.de\/wordpress\/wp-content\/uploads\/2014\/06\/6-Quelle-Hexerey-Urteil-gegen-Trinke-Preetzen-1676.jpg\">6: Quelle \u2013 \u201eHexerey\u201c: Urteil gegen Trinke Preetzen (1676):<\/a><\/strong>\u00a030.6.1676. Protokolle des Kieler Obergerichtes (Judicium superius Kiloniense), 1633 &#8211; 1845. Kieler Stadtarchiv.<br \/>\n<a href=\"http:\/\/www.einmetjennahmenspreetzen.de\/wordpress\/wp-content\/uploads\/2014\/06\/6-Quelle-Hexerey-Urteil-gegen-Trinke-Preetzen-1676.jpg\"><img decoding=\"async\" loading=\"lazy\" src=\"http:\/\/www.einmetjennahmenspreetzen.de\/wordpress\/wp-content\/uploads\/2014\/07\/presse_6.jpg\" alt=\"presse_6\" width=\"200\" height=\"112\" class=\"alignnone size-full wp-image-786\" \/><\/a><\/p>\n<p><strong><a href=\"http:\/\/www.einmetjennahmenspreetzen.de\/wordpress\/wp-content\/uploads\/2014\/06\/7-Hexenverbrennung-1588.jpg\">7: Hexenverbrennung (1588):<\/a><\/strong>\u00a0Aus der sog. \u201eWickiana\u201c, Sammlung zeitgen\u00f6ssischer Flugbl\u00e4tter von Johann Jakob Wick (1588). Zentralbibliothek Z\u00fcrich, Graphische Sammlung.<br \/>\n<a href=\"http:\/\/www.einmetjennahmenspreetzen.de\/wordpress\/wp-content\/uploads\/2014\/06\/7-Hexenverbrennung-1588.jpg\"><img decoding=\"async\" loading=\"lazy\" src=\"http:\/\/www.einmetjennahmenspreetzen.de\/wordpress\/wp-content\/uploads\/2014\/07\/presse_7.jpg\" alt=\"presse_7\" width=\"200\" height=\"113\" class=\"alignnone size-full wp-image-787\" \/><\/a><\/p>\n<p><strong><a href=\"http:\/\/www.einmetjennahmenspreetzen.de\/wordpress\/wp-content\/uploads\/2014\/06\/8-Gerald-Koll.jpg\">8: Gerald Koll:<\/a><\/strong> Foto: Dieter Neidthardt.<br \/>\n<a href=\"http:\/\/www.einmetjennahmenspreetzen.de\/wordpress\/wp-content\/uploads\/2014\/06\/8-Gerald-Koll.jpg\"><img decoding=\"async\" loading=\"lazy\" src=\"http:\/\/www.einmetjennahmenspreetzen.de\/wordpress\/wp-content\/uploads\/2014\/07\/presse_8.jpg\" alt=\"presse_8\" width=\"133\" height=\"200\" class=\"alignnone size-full wp-image-780\" \/><\/a><br \/>\n<a href=\"http:\/\/www.einmetjennahmenspreetzen.de\/download\/ein_metjen_nahmens_preetzen_presse-fotos.zip\" target=\"_blank\"><br \/>\nDownload aller Pressefotos (ZIP-Datei, 10 MB)<\/a><\/p>\n<h3>Presseheft<\/h3>\n<p><img decoding=\"async\" loading=\"lazy\" src=\"http:\/\/www.einmetjennahmenspreetzen.de\/wordpress\/wp-content\/uploads\/2014\/06\/presseheft_cover.jpg\" alt=\"Microsoft Word - Presseheft EIN METJEN NAHMENS PREETZEN.doc\" width=\"150\" height=\"212\" class=\"size-full wp-image-709\" \/><br \/>\n<a href=\"http:\/\/www.einmetjennahmenspreetzen.de\/wordpress\/wp-content\/uploads\/2014\/06\/Presseheft-EIN-METJEN-NAHMENS-PREETZEN.pdf\" target=\"_blank\">Download (PDF, 3,8 MB)<\/a><\/p>\n<h3>Hintergrundgespr\u00e4ch<\/h3>\n<p><a href=\"http:\/\/www.einmetjennahmenspreetzen.de\/wordpress\/wahn-und-vernunft-kringeln-sich\/\">\u201eWahn und Vernunft kringeln sich\u201c \u2013 ein Gespr\u00e4ch zwischen Gerald Koll &#038; J\u00f6rg Meyer<\/a><\/p>\n<h3>Trailer<\/h3>\n<p><div style=\"width: 625px;\" class=\"wp-video\"><!--[if lt IE 9]><script>document.createElement('video');<\/script><![endif]-->\n<video class=\"wp-video-shortcode\" id=\"video-52-1\" width=\"625\" height=\"346\" preload=\"metadata\" controls=\"controls\"><source type=\"video\/mp4\" src=\"http:\/\/www.einmetjennahmenspreetzen.de\/pics\/ein_meetjen_nahmens_preetzen_trailer_720x399.mp4?_=1\" \/><a href=\"http:\/\/www.einmetjennahmenspreetzen.de\/pics\/ein_meetjen_nahmens_preetzen_trailer_720x399.mp4\">http:\/\/www.einmetjennahmenspreetzen.de\/pics\/ein_meetjen_nahmens_preetzen_trailer_720x399.mp4<\/a><\/video><\/div><br \/>\n<\/p>\n<h3>Presse-Echo<\/h3>\n<p><a href=\"http:\/\/www.einmetjennahmenspreetzen.de\/wordpress\/presse-echo\/\">Die Presse \u00fcber \u201eEin Metjen nahmens Preetzen\u201c<\/a><\/p>\n","protected":false},"excerpt":{"rendered":"<p>Presse-Fotos 1: Peinliches Verh\u00f6r (1676): Zeitgen\u00f6ssische Darstellung aus: Hermann L\u00f6her: Die Wehm\u00fctige Klage der frommen Unschuldigen. Amsterdam 1676. 2: Hexenverbrennung (1676):\u00a0Zeitgen\u00f6ssische Darstellung aus: Hermann L\u00f6her: Die Wehm\u00fctige Klage der frommen Unschuldigen. Amsterdam 1676. 3: Hexentanz:\u00a0Foto: Gerald Koll. 4: Hexen nach Hans Baldung-Grien (1514): Ausschnitt einer Zeichnung von Hans Baldung-Grien (1514). Grafische Sammlung Albertina, Wien. 5: [&hellip;]<\/p>\n","protected":false},"author":1,"featured_media":0,"parent":0,"menu_order":0,"comment_status":"closed","ping_status":"open","template":"page-templates\/front-page.php","meta":[],"_links":{"self":[{"href":"http:\/\/www.einmetjennahmenspreetzen.de\/wordpress\/wp-json\/wp\/v2\/pages\/52"}],"collection":[{"href":"http:\/\/www.einmetjennahmenspreetzen.de\/wordpress\/wp-json\/wp\/v2\/pages"}],"about":[{"href":"http:\/\/www.einmetjennahmenspreetzen.de\/wordpress\/wp-json\/wp\/v2\/types\/page"}],"author":[{"embeddable":true,"href":"http:\/\/www.einmetjennahmenspreetzen.de\/wordpress\/wp-json\/wp\/v2\/users\/1"}],"replies":[{"embeddable":true,"href":"http:\/\/www.einmetjennahmenspreetzen.de\/wordpress\/wp-json\/wp\/v2\/comments?post=52"}],"version-history":[{"count":16,"href":"http:\/\/www.einmetjennahmenspreetzen.de\/wordpress\/wp-json\/wp\/v2\/pages\/52\/revisions"}],"predecessor-version":[{"id":957,"href":"http:\/\/www.einmetjennahmenspreetzen.de\/wordpress\/wp-json\/wp\/v2\/pages\/52\/revisions\/957"}],"wp:attachment":[{"href":"http:\/\/www.einmetjennahmenspreetzen.de\/wordpress\/wp-json\/wp\/v2\/media?parent=52"}],"curies":[{"name":"wp","href":"https:\/\/api.w.org\/{rel}","templated":true}]}}