{"id":502,"date":"2014-06-28T05:57:34","date_gmt":"2014-06-28T03:57:34","guid":{"rendered":"http:\/\/www.einmetjennahmenspreetzen.de\/wordpress\/?page_id=502"},"modified":"2014-07-07T00:16:08","modified_gmt":"2014-07-06T22:16:08","slug":"orte","status":"publish","type":"page","link":"http:\/\/www.einmetjennahmenspreetzen.de\/wordpress\/orte\/","title":{"rendered":"Orte"},"content":{"rendered":"<ul>\n<li><a href=\"http:\/\/www.einmetjennahmenspreetzen.de\/wordpress\/kiel-im-jahr-1676\/\">Kiel im Jahr 1676<\/a><\/li>\n<li><a href=\"http:\/\/www.einmetjennahmenspreetzen.de\/wordpress\/flaemische-strasse\/\">Fl\u00e4mische Stra\u00dfe<\/a><\/li>\n<li><a href=\"http:\/\/www.einmetjennahmenspreetzen.de\/wordpress\/richtstaette\/\">Richtst\u00e4tte<\/a><\/li>\n<li><a href=\"http:\/\/www.einmetjennahmenspreetzen.de\/wordpress\/veste\/\">Veste<\/a><\/li>\n<li><a href=\"http:\/\/www.einmetjennahmenspreetzen.de\/wordpress\/buettelei\/\">B\u00fcttelei<\/a><\/li>\n<li><a href=\"http:\/\/www.einmetjennahmenspreetzen.de\/wordpress\/christian-albrechts-universitaet\/\">Christian-Albrechts-Universit\u00e4t<\/a><\/li>\n<\/ul>\n","protected":false},"excerpt":{"rendered":"<p>Kiel im Jahr 1676 Fl\u00e4mische Stra\u00dfe Richtst\u00e4tte Veste B\u00fcttelei Christian-Albrechts-Universit\u00e4t<\/p>\n","protected":false},"author":1,"featured_media":0,"parent":0,"menu_order":0,"comment_status":"open","ping_status":"open","template":"page-templates\/front-page.php","meta":[],"_links":{"self":[{"href":"http:\/\/www.einmetjennahmenspreetzen.de\/wordpress\/wp-json\/wp\/v2\/pages\/502"}],"collection":[{"href":"http:\/\/www.einmetjennahmenspreetzen.de\/wordpress\/wp-json\/wp\/v2\/pages"}],"about":[{"href":"http:\/\/www.einmetjennahmenspreetzen.de\/wordpress\/wp-json\/wp\/v2\/types\/page"}],"author":[{"embeddable":true,"href":"http:\/\/www.einmetjennahmenspreetzen.de\/wordpress\/wp-json\/wp\/v2\/users\/1"}],"replies":[{"embeddable":true,"href":"http:\/\/www.einmetjennahmenspreetzen.de\/wordpress\/wp-json\/wp\/v2\/comments?post=502"}],"version-history":[{"count":9,"href":"http:\/\/www.einmetjennahmenspreetzen.de\/wordpress\/wp-json\/wp\/v2\/pages\/502\/revisions"}],"predecessor-version":[{"id":879,"href":"http:\/\/www.einmetjennahmenspreetzen.de\/wordpress\/wp-json\/wp\/v2\/pages\/502\/revisions\/879"}],"wp:attachment":[{"href":"http:\/\/www.einmetjennahmenspreetzen.de\/wordpress\/wp-json\/wp\/v2\/media?parent=502"}],"curies":[{"name":"wp","href":"https:\/\/api.w.org\/{rel}","templated":true}]}}