{"id":255,"date":"2014-06-16T02:04:26","date_gmt":"2014-06-16T00:04:26","guid":{"rendered":"http:\/\/www.einmetjennahmenspreetzen.de\/wordpress\/?page_id=255"},"modified":"2014-11-15T13:32:03","modified_gmt":"2014-11-15T11:32:03","slug":"professor-samuel-reyher","status":"publish","type":"page","link":"http:\/\/www.einmetjennahmenspreetzen.de\/wordpress\/professor-samuel-reyher\/","title":{"rendered":"Professor Samuel Reyher"},"content":{"rendered":"<div style=\"text-align: justify;\">\nW\u00e4hrend der Ereignisse im Sommer 1676 h\u00e4lt Professor Samuel Reyher (41) gerade eine Vorlesung \u00fcber Sonnenfinsternisse. Gerade ereignet sich eine: am 1. Juni (eigtl. 11. Juni, aber Kiel datiert zu dieser Zeit noch nach dem alten Kalender). Ob er Verbindungen sucht zu dem spektakul\u00e4ren Hexenprozess, der die Kieler derzeit besch\u00e4ftigt? Der Astrologie ist Professor Reyher abhold \u2013 nur in Privatkollegien verr\u00e4t er seine geheimen Annahmen \u00fcber die wahren Kr\u00e4fte von Saturn und Mond. Der beliebte und offenbar warmherzige Kieler Professor ist kein Purist. Seine Person dient zur Erhellung dessen, womit sich die Wissenschaft zu dieser Zeit besch\u00e4ftigt. Was sie f\u00fcr wahr h\u00e4lt.<\/p>\n<div style=\"float: right; margin-left: 30px; text-align: center;\">\n<img decoding=\"async\" loading=\"lazy\" src=\"http:\/\/www.einmetjennahmenspreetzen.de\/wordpress\/wp-content\/uploads\/2014\/06\/04_hist_28_Reyher_Samuel.jpg\" width=\"500\" height=\"651\"><br \/>\n<em>Samuel Reyher, Professor. Gem\u00e4lde. \u00a9 Schleswig-Holsteinische Landesbibliothek.<\/em>\n<\/div>\n<p>Reyher geh\u00f6rt zur ersten Generation der aufstrebenden jungen <a href=\"http:\/\/www.einmetjennahmenspreetzen.de\/wordpress\/christian-albrechts-universitaet\/\">Akademie<\/a>. F\u00fcr <a href=\"http:\/\/www.einmetjennahmenspreetzen.de\/wordpress\/kiel-im-jahr-1676\/\">Kiel<\/a> und das gesamte Herzogtum ist Samuel Reyher einer der wichtigsten Gelehrten \u00fcberhaupt. Sein Ruf reicht \u00fcber die Landesgrenzen hinaus. Mit Leibnitz steht er in Verbindung. Ihm zu Gedenken baut man sp\u00e4ter den Reyher-Brunnen. Die ersten acht Jahre ist er Professor der Mathematik, datiert mittels Rechenst\u00e4ben zum Beispiel das Ende der Welt (er rechnet damit 1739 \u2013 eine Ableitung aus 1. Mose 6,3), nie aber ist sein Interesse auf Zahlen beschr\u00e4nkt. 1676 ist Reyher bereits seit drei Jahren aufgestiegen zum au\u00dferordentlichen Professor der Rechte. Als solcher steigt sein Jahresgehalt betr\u00e4chtlich. Auch verdient er an Rechtsgutachten \u2013 ob auch zum vorliegenden Inquisitionsprozess gegen <a href=\"http:\/\/www.einmetjennahmenspreetzen.de\/wordpress\/trinke-preetzen\/\">Trinke Preetzen<\/a> und <a href=\"http:\/\/www.einmetjennahmenspreetzen.de\/wordpress\/hinrich-busch\/\">Hinrich Busch<\/a>, ist unbekannt.<\/p>\n<p>Faszinierend sind die unersch\u00f6pflichen Interessen dieses wissensdurstigen Mannes, dessen eine Hand auf der Bibel und die andere auf modernen Erfindungen liegt. Er will wissen, wie es zugehen mochte, dass Posaunen die Mauern von Jericho einst\u00fcrzen lie\u00dfen; er will wissen, was genau der Turmbau zu Babel unter den Sprachen angerichtet hat. Dass Reyher au\u00dferdem zu Goldmacherei neigt und mit mystischen Zahlenspekulationen jongliert, ist zu dieser Zeit kein Widerspruch, auch wenn er Widerspruch einstecken muss, und die Goldmacherei besser nicht an die gro\u00dfe Glocke h\u00e4ngt.<\/p>\n<p>Auch in Fragen der Hexenprozesse wagt Reyher gewisserma\u00dfen einen Spagat. Den umstrittenen Beweis der Wasserprobe (schwimmt der Verd\u00e4chtige oben, ist er schuldig; sinkt er, ist er unschuldig) verteidigt Reyher mit Hinweis auf Hydrostatik: Der wachsende Salzgehalt in tieferem Wasser lie\u00dfe Hexen aufsteigen, die (laut Mene Tekel in Daniel 5 V 27) nur wenige Lot leicht seien. H\u00e4ufig geht Reyher mit seinen Studenten an die Kieler Bucht, um den Salzgehalt zu messen.<\/p>\n<p>Reyher ist kein Freund einer allzu trockenen kurzsichtigen Wissenschaft. Seine Sternbeobachtungen erstrecken sich von 1676 bis 1713. Lichtbrechung, Uhrwerke, Akustik, Olfaktorik, Geschmack, all dies untersucht der Professor. Zu seinen Fachgebieten geh\u00f6ren auch die Geod\u00e4sie, Mechanik, Pyrotechnik, Pneumatik, Hydraulik, milit\u00e4rische Baukunst und Taktik.<\/p>\n<p>Reyhers Wissensdurst scheint so unstillbar wie sein Drang, sein Wissen zu vermitteln. Eine Camera Obscura richtet er im Bodenraum im Kollegienhaus der Universit\u00e4t ein, eine Dunkelkammer mit austauschbaren Linsen: So wird die Au\u00dfenwelt auf eine Innenwand der Kammer projiziert. Bis zum Fotoapparat fehlt nur noch die Fixierung des Bildes. Diese Apparatur macht der experimentierfreudige Professor auch Nicht-Studenten zug\u00e4nglich. Ob dazu auch <a href=\"http:\/\/www.einmetjennahmenspreetzen.de\/wordpress\/christian-albrechts-universitaet\/\">Anje Preetzen<\/a> geh\u00f6rt, ist selbstredend unwahrscheinlich.<\/p>\n<p>Sozial scheint Reyher ungew\u00f6hnlich umg\u00e4nglich zu sein. Anders ist es kaum zu erkl\u00e4ren, dass er ein Freund <a href=\"http:\/\/www.einmetjennahmenspreetzen.de\/wordpress\/professor-johann-daniel-major\/\">Professor Majors<\/a> ist \u2013 einer der ganz wenigen Freunde dieses aufbrausenden Kollegen, der sich mit Leidenschaft so viele Feinde macht.\n<\/div>\n","protected":false},"excerpt":{"rendered":"<p>W\u00e4hrend der Ereignisse im Sommer 1676 h\u00e4lt Professor Samuel Reyher (41) gerade eine Vorlesung \u00fcber Sonnenfinsternisse. Gerade ereignet sich eine: am 1. Juni (eigtl. 11. Juni, aber Kiel datiert zu dieser Zeit noch nach dem alten Kalender). Ob er Verbindungen sucht zu dem spektakul\u00e4ren Hexenprozess, der die Kieler derzeit besch\u00e4ftigt? Der Astrologie ist Professor Reyher [&hellip;]<\/p>\n","protected":false},"author":1,"featured_media":0,"parent":0,"menu_order":0,"comment_status":"open","ping_status":"open","template":"page-templates\/front-page.php","meta":[],"_links":{"self":[{"href":"http:\/\/www.einmetjennahmenspreetzen.de\/wordpress\/wp-json\/wp\/v2\/pages\/255"}],"collection":[{"href":"http:\/\/www.einmetjennahmenspreetzen.de\/wordpress\/wp-json\/wp\/v2\/pages"}],"about":[{"href":"http:\/\/www.einmetjennahmenspreetzen.de\/wordpress\/wp-json\/wp\/v2\/types\/page"}],"author":[{"embeddable":true,"href":"http:\/\/www.einmetjennahmenspreetzen.de\/wordpress\/wp-json\/wp\/v2\/users\/1"}],"replies":[{"embeddable":true,"href":"http:\/\/www.einmetjennahmenspreetzen.de\/wordpress\/wp-json\/wp\/v2\/comments?post=255"}],"version-history":[{"count":15,"href":"http:\/\/www.einmetjennahmenspreetzen.de\/wordpress\/wp-json\/wp\/v2\/pages\/255\/revisions"}],"predecessor-version":[{"id":1156,"href":"http:\/\/www.einmetjennahmenspreetzen.de\/wordpress\/wp-json\/wp\/v2\/pages\/255\/revisions\/1156"}],"wp:attachment":[{"href":"http:\/\/www.einmetjennahmenspreetzen.de\/wordpress\/wp-json\/wp\/v2\/media?parent=255"}],"curies":[{"name":"wp","href":"https:\/\/api.w.org\/{rel}","templated":true}]}}