{"id":249,"date":"2014-06-16T01:51:31","date_gmt":"2014-06-15T23:51:31","guid":{"rendered":"http:\/\/www.einmetjennahmenspreetzen.de\/wordpress\/?page_id=249"},"modified":"2014-07-09T03:37:06","modified_gmt":"2014-07-09T01:37:06","slug":"diacon-mag-gabriel-wedderkopp","status":"publish","type":"page","link":"http:\/\/www.einmetjennahmenspreetzen.de\/wordpress\/diacon-mag-gabriel-wedderkopp\/","title":{"rendered":"Diacon Mag. Gabriel Wedderkopp"},"content":{"rendered":"<div style=\"text-align: justify;\">\nGabriel Wedderkopp ist 32 Jahre alt, als er die Verurteilten zur Richtst\u00e4tte begleitet: ein junger, nicht mehr ganz junger Mann. Immerhin ist er seit f\u00fcnf Jahren als Diacon im Amt, tr\u00e4gt seit f\u00fcnf Jahren die Magisterw\u00fcrde, ist seit vier Jahren verheiratet mit der Tochter des amtierenden Archidiacons <a href=\"http:\/\/www.einmetjennahmenspreetzen.de\/wordpress\/archidiacon-mag-matthias-burchard\/\">Matthias Burchard<\/a> \u2013 und zwar in zweiter Ehe, nachdem Wedderkopps erste Frau bereits 1670 starb.<\/p>\n<div style=\"float: left; margin-right: 30px; text-align: center;\">\n<img decoding=\"async\" loading=\"lazy\" src=\"http:\/\/www.einmetjennahmenspreetzen.de\/wordpress\/wp-content\/uploads\/2014\/06\/04_hist_26_PK3_2763-Gabriel-Wedderkopp-1696-Ausschnitt.jpg\" width=\"500\" height=\"671\"><br \/>\n<em>Gabriel Wedderkopp, Diacon. Epitaph in der Kirche St. Nikolai Kiel.<br \/>\nEntstanden 1696. Foto 1942.<br \/>\n\u00a9 Landesamt f\u00fcr Denkmalpflege Schleswig-Holstein.<\/em>\n<\/div>\n<p>Diacon Mag. Gabriel Wedderkopp wird die Aufgabe zuteil, seinen kr\u00e4nkelnden Schwiegervater bei der Hinrichtung am 30.6.1676 in <a href=\"http:\/\/www.einmetjennahmenspreetzen.de\/wordpress\/kiel-im-jahr-1676\/\">Kiel<\/a> zu vertreten (gemeinsam mit Klosterpastor Martin B\u00fctzer) und <a href=\"http:\/\/www.einmetjennahmenspreetzen.de\/wordpress\/trinke-preetzen\/\">Trinke Preetzen<\/a> sowie <a href=\"http:\/\/www.einmetjennahmenspreetzen.de\/wordpress\/hinrich-busch\/\">Hinrich Busch<\/a> \u2013 wom\u00f6glich auch <a href=\"http:\/\/www.einmetjennahmenspreetzen.de\/wordpress\/anje-preetzen\/\">Anje Preetzen<\/a>? \u2013 auf die Richtstatt zu begleiten. Er ist seiner Position sicher genug, Bedingungen zu stellen, die uns Nachgeborene verwundern: Die Geistlichen fordern einen Wagen ein, wollen also nicht zu Fu\u00df zum Richtplatz gehen. Aus Sorge um das eigene Ansehen? Aus Angst vor dem Mob? Das wird nicht ganz deutlich. Dass es sich nicht um eine Formalit\u00e4t handelt, geht allein daraus hervor, dass die Gerichtsprotokolle in bemerkenswerter Ausf\u00fchrlichkeit diese Auseinandersetzung zwischen Geistlichkeit und Ratsherren abbilden. Der Rat willigt schlie\u00dflich ein.<\/p>\n<p>Am Morgen des 30.6.1676, des Hinrichtungstages, bekommen die Verurteilten das Heilige Abendmahl (genannt Nachtmahl). Ob Gabriel Wedderkopp oder Martin B\u00fctzer dieses geistliche Amt versehen, bezeugen die Quellen nicht, aber einiges spricht f\u00fcr Wedderkopp: Er ist h\u00f6herrangig und \u00e4lter als B\u00fctzer. Zudem ist Wedderkopp als Diacon zu St. Nicolai auch zust\u00e4ndig f\u00fcr die Predigten in der Kapelle Sankt J\u00fcrgen, jenem Gotteshaus vor dem Holstentor f\u00fcr die Armen und \u00c4rmsten, Stadtfremde und Ehrlose, die keinen Zutritt haben zur Stadt.<\/p>\n<p>Das Bildnis Wedderkopps mit der hochgezogenen Augenbraue macht ihn nicht eben sympathisch. Er erfreut sich nicht allerseits Beliebtheit in Kiel. Denn Gabriel, dieser j\u00fcngere Bruder des weithin ber\u00fchmten Juristen Magnus Wedderkopp \u2013 der sieben Jahre \u00e4lter, einer der ersten Kieler Professoren und im Jahr 1676 bereits Hof- und Kanzleirat des L\u00fcbecker Bischofs ist \u2013 hat durchaus Feinde. Professor Samuel Rachel bezichtigt Gabriel Wedderkopp, als Spion zum Landesherrn gereist zu sein, um dort f\u00fcr den \u00e4lteren Bruder zu werben. Nun ja, S. Rachel war ein Intimfeind seines akademischen Konkurrenten M. Wedderkopp., der sp\u00e4ter noch zum gottorfischen Pr\u00e4sidenten aufsteigen wird.<\/p>\n<p>In bescheidenerem Rahmen macht auch Mag. Gabriel Wedderkopp Karriere. Schon mit 21 Jahren sehen wir ihn 1665 in der Menschenmenge, die sich zur Gr\u00fcndung der <a href=\"http:\/\/www.einmetjennahmenspreetzen.de\/wordpress\/christian-albrechts-universitaet\/\">Universit\u00e4t in Kiel<\/a> versammelt. Da hat der junge Mann aus Husum bereits in Helmstedt studiert, ist nach T\u00fcbingen und Strassburg gegangen und nach Frankreich gereist. Zum Ableben seines Schwiegervaters Matthias Burchard wird er 1679 dessen Nachfolger und schlie\u00dflich Hauptpastor. An Fruchtbarkeit ist er seinem Schwiegervater freilich unterlegen: Gabriel Wedderkopp, der 1696 mit 52 Jahren stirbt, hinterl\u00e4sst 11 Kinder.\n<\/div>\n","protected":false},"excerpt":{"rendered":"<p>Gabriel Wedderkopp ist 32 Jahre alt, als er die Verurteilten zur Richtst\u00e4tte begleitet: ein junger, nicht mehr ganz junger Mann. Immerhin ist er seit f\u00fcnf Jahren als Diacon im Amt, tr\u00e4gt seit f\u00fcnf Jahren die Magisterw\u00fcrde, ist seit vier Jahren verheiratet mit der Tochter des amtierenden Archidiacons Matthias Burchard \u2013 und zwar in zweiter Ehe, [&hellip;]<\/p>\n","protected":false},"author":1,"featured_media":0,"parent":0,"menu_order":0,"comment_status":"open","ping_status":"open","template":"page-templates\/front-page.php","meta":[],"_links":{"self":[{"href":"http:\/\/www.einmetjennahmenspreetzen.de\/wordpress\/wp-json\/wp\/v2\/pages\/249"}],"collection":[{"href":"http:\/\/www.einmetjennahmenspreetzen.de\/wordpress\/wp-json\/wp\/v2\/pages"}],"about":[{"href":"http:\/\/www.einmetjennahmenspreetzen.de\/wordpress\/wp-json\/wp\/v2\/types\/page"}],"author":[{"embeddable":true,"href":"http:\/\/www.einmetjennahmenspreetzen.de\/wordpress\/wp-json\/wp\/v2\/users\/1"}],"replies":[{"embeddable":true,"href":"http:\/\/www.einmetjennahmenspreetzen.de\/wordpress\/wp-json\/wp\/v2\/comments?post=249"}],"version-history":[{"count":16,"href":"http:\/\/www.einmetjennahmenspreetzen.de\/wordpress\/wp-json\/wp\/v2\/pages\/249\/revisions"}],"predecessor-version":[{"id":943,"href":"http:\/\/www.einmetjennahmenspreetzen.de\/wordpress\/wp-json\/wp\/v2\/pages\/249\/revisions\/943"}],"wp:attachment":[{"href":"http:\/\/www.einmetjennahmenspreetzen.de\/wordpress\/wp-json\/wp\/v2\/media?parent=249"}],"curies":[{"name":"wp","href":"https:\/\/api.w.org\/{rel}","templated":true}]}}