{"id":245,"date":"2014-06-16T01:47:15","date_gmt":"2014-06-15T23:47:15","guid":{"rendered":"http:\/\/www.einmetjennahmenspreetzen.de\/wordpress\/?page_id=245"},"modified":"2014-07-09T03:33:23","modified_gmt":"2014-07-09T01:33:23","slug":"archidiacon-mag-matthias-burchard","status":"publish","type":"page","link":"http:\/\/www.einmetjennahmenspreetzen.de\/wordpress\/archidiacon-mag-matthias-burchard\/","title":{"rendered":"Archidiacon Mag. Matthias Burchard"},"content":{"rendered":"<div style=\"text-align: justify;\">\nEs w\u00e4re eigentlich Sache des Archidiacons gewesen, die Verurteilten am 30.6.1676 auf ihrem Weg zur <a href=\"http:\/\/www.einmetjennahmenspreetzen.de\/wordpress\/richtstaette\/\">Richtstatt<\/a> zu begleiten. Die Akten vermerken jedoch, Archidiacon Matthias Burchard sei \u201eunp\u00e4sslich\u201c. Es scheinen (die ersten) Anzeichen der Schwindsucht zu sein, die dem 56 Jahre alten, zweith\u00f6chsten Geistlichen <a href=\"http:\/\/www.einmetjennahmenspreetzen.de\/wordpress\/kiel-im-jahr-1676\/\">Kiels<\/a> zusetzen. Er erliegt ihr drei Jahre sp\u00e4ter, am 29.8.1679.<\/p>\n<div style=\"float: left; margin-right: 30px; text-align: center;\">\n<img decoding=\"async\" loading=\"lazy\" src=\"http:\/\/www.einmetjennahmenspreetzen.de\/wordpress\/wp-content\/uploads\/2014\/06\/04_hist_25_PK1_10396-Matthias-Burchard.jpg\" width=\"600\" height=\"444\"><br \/>\n<em>Matthias Burchard, Archidiacon. Diptychon. St. J\u00fcrgen Kirche Kiel. \u00d6l auf Holz 1668.<br \/>\nFoto 1966. \u00a9 Landesamt f\u00fcr Denkmalpflege Schleswig-Holstein.<\/em>\n<\/div>\n<p>Matthias Burchard w\u00e4re ein in Hexensachen erfahrener \u2013 und \u201everdienter\u201c \u2013 Begleiter gewesen. Unvergessen ist 1676 seine zwielichtige Rolle in jenem Hexenfall, ohne den der aktuelle Fall kaum denkbar w\u00e4re: Burchards Rolle im Hexenprozess 1668 gegen <a href=\"http:\/\/www.einmetjennahmenspreetzen.de\/wordpress\/teke-busch\/\">Teke Busch<\/a>. Matthias Burchard war es, der damals Teke als Beichtvater zugeteilt worden war, um sie auszuhorchen. Sie beichtete ihm offenbar, einen Schadenzauber angewendet zu haben, der insofern gelang, als die Adlige Frau Rantzau, der dieser Anschlag galt, sich \u2013 infolgedessen? \u2013 ein Bein brach. Burchard plauderte die Beichte aus. Das Kieler Gericht wurde indes seitens eines akademischen Rechtsgutachtens ermahnt, die \u2013 per Beichtgeheimnis versiegelten \u2013 Aussagen juristisch nicht zu verwenden. Vergeblich war das Bem\u00fchen des Geistlichen indes keineswegs. Das Verfahren wurde neu aufgerollt, die unverwertbaren Selbstaussagen wurden in Vorw\u00fcrfe eines Dritten umgem\u00fcnzt \u2013 und gegen sie verwendet. Teke wurde verurteilt und verbrannt. Und sie war verschw\u00e4gert mit den 1676 unter Verdacht stehenden Personen, <a href=\"http:\/\/www.einmetjennahmenspreetzen.de\/wordpress\/hinrich-busch\/\">Hinrich Busch<\/a> und seiner Tochter <a href=\"http:\/\/www.einmetjennahmenspreetzen.de\/wordpress\/trinke-preetzen\/\">Trinke Preetzen<\/a>.<\/p>\n<p>Die \u00dcberf\u00fchrung der Hexe Teke war 1668 damals nicht ganz sauber abgegangen. Doch Burchards geistliche Karriere scheint dadurch nicht gelitten zu haben, im Gegenteil: Auf das Jahr 1668 datiert sein Portr\u00e4tgem\u00e4lde in der Kapelle Sankt J\u00fcrgen (wahrscheinlich im Zweiten Weltkrieg zerst\u00f6rt). \u201eNon ego sed gratia dei in me\u201c stand daneben \u2013 eine demutsvolle Selbst-Glorifizierung als Werkzeug Gottes. Ob sich Burchard als Drachenbezwinger in Nachfolge des Heiligen Georg sah? Ein Jahr sp\u00e4ter (19.10.1669) stieg Burchard vom Diacon zum Archidiacon auf. Dieses Amt bekleidet er auch 1676. Mit dem Tod des Hauptpastors <a href=\"http:\/\/www.einmetjennahmenspreetzen.de\/wordpress\/hauptpastor-dr-friedrich-jessen\/\">Friedrich Jessen<\/a> wird er 1677 dessen Nachfolger. Bedingt durch sein Ableben indes nicht f\u00fcr lange.<\/p>\n<p>Matthias Burchard, geboren 1619, ist ein karrierebewusster Geistlicher, verheiratet mit der \u00e4ltesten Tochter des vormaligen Kieler Archidiakons. Schon Burchards Vater war Pastor in Kiel. Matthias besuchte das Bordesholmer Gymnasium, die Pflanzschule der regionalen Geisteselite, aus der auch Professoren wie Samuel Rachel hervorgingen. Sp\u00e4ter unterh\u00e4lt Burchard enge Verbindungen zur Wissenschaft (z.B. <a href=\"http:\/\/www.einmetjennahmenspreetzen.de\/wordpress\/professor-johann-daniel-major\/\">Prof. Major<\/a>, Mag. Trogillus Arnkiel). <\/p>\n<p>Im Himmel sieht Burchard keineswegs nur die Wohnstatt Gottes. Er gilt als erfahrener Astronom, und es wird ihm nicht entgangen sein, dass am 1.6.1676, als der Hexenfall gegen <a href=\"http:\/\/www.einmetjennahmenspreetzen.de\/wordpress\/trinke-preetzen\/\">Trinke Preetzen<\/a> so sp\u00fcrbar ins Stocken ger\u00e4t, sich eine ringf\u00f6rmige Sonnenfinsternis ereignet. Sie besch\u00e4ftigt auch die <a href=\"http:\/\/www.einmetjennahmenspreetzen.de\/wordpress\/christian-albrechts-universitaet\/\">Universit\u00e4t<\/a> \u2013 <a href=\"http:\/\/www.einmetjennahmenspreetzen.de\/wordpress\/professor-samuel-reyher\/\">Prof. Reyher<\/a> h\u00e4lt \u00fcber die Sonnenfinsternis eine Vorlesung. Was sie bedeutet, ist ungewiss. Unwahrscheinlich aber, dass sie nichts bedeutet, wiewohl das ins Gebiet der Astrologie fiele. Eine Warnung vor Unfruchtbarkeit? Eine solche Deutung w\u00e4re zu dieser Zeit beliebt.<\/p>\n<p>Aber eine solche Warnung w\u00fcrde Burchard schwerlich schrecken. Seine Zeugungskraft ist auch f\u00fcr damalige Verh\u00e4ltnisse betr\u00e4chtlich. Als Burchards erste Ehefrau 1671 stirbt, hinterl\u00e4sst sie 14 Kinder. Seine zweite Ehefrau \u2013 diesmal eine Tochter des Kieler Medizinprofessors Caspar Marchius \u2013 wird 4 weitere Kinder empfangen. Das letzte muss Burchard im letzten Stadium der Schwindsucht gezeugt haben, zwei Monate vor seinem Tod. Es wird am 1.4.1680 geboren.<\/p>\n<p>Burchards Vertretung bei der geistlichen Begleitung der Delinquenten am 30.6.1676 \u00fcbernehmen die Kieler Geistlichen <a href=\"http:\/\/www.einmetjennahmenspreetzen.de\/wordpress\/diacon-mag-gabriel-wedderkopp\/\">Gabriel Wedderkopp<\/a> (Diacon) und Martin B\u00fctzer (Klosterpastor). Sie sind mehr als niederrangige Berufskollegen. Burchard hat 1672 seine \u00e4lteste Tochter seinem designierten Nachfolger Wedderkopp zur Frau gegeben. Seine J\u00fcngste wird er 1678 mit Kosterpastor Martin B\u00fctzer verm\u00e4hlen \u2013 da ist sie gerade 15 Jahre alt.\n<\/div>\n","protected":false},"excerpt":{"rendered":"<p>Es w\u00e4re eigentlich Sache des Archidiacons gewesen, die Verurteilten am 30.6.1676 auf ihrem Weg zur Richtstatt zu begleiten. Die Akten vermerken jedoch, Archidiacon Matthias Burchard sei \u201eunp\u00e4sslich\u201c. Es scheinen (die ersten) Anzeichen der Schwindsucht zu sein, die dem 56 Jahre alten, zweith\u00f6chsten Geistlichen Kiels zusetzen. Er erliegt ihr drei Jahre sp\u00e4ter, am 29.8.1679. Matthias Burchard, [&hellip;]<\/p>\n","protected":false},"author":1,"featured_media":0,"parent":0,"menu_order":0,"comment_status":"open","ping_status":"open","template":"page-templates\/front-page.php","meta":[],"_links":{"self":[{"href":"http:\/\/www.einmetjennahmenspreetzen.de\/wordpress\/wp-json\/wp\/v2\/pages\/245"}],"collection":[{"href":"http:\/\/www.einmetjennahmenspreetzen.de\/wordpress\/wp-json\/wp\/v2\/pages"}],"about":[{"href":"http:\/\/www.einmetjennahmenspreetzen.de\/wordpress\/wp-json\/wp\/v2\/types\/page"}],"author":[{"embeddable":true,"href":"http:\/\/www.einmetjennahmenspreetzen.de\/wordpress\/wp-json\/wp\/v2\/users\/1"}],"replies":[{"embeddable":true,"href":"http:\/\/www.einmetjennahmenspreetzen.de\/wordpress\/wp-json\/wp\/v2\/comments?post=245"}],"version-history":[{"count":19,"href":"http:\/\/www.einmetjennahmenspreetzen.de\/wordpress\/wp-json\/wp\/v2\/pages\/245\/revisions"}],"predecessor-version":[{"id":939,"href":"http:\/\/www.einmetjennahmenspreetzen.de\/wordpress\/wp-json\/wp\/v2\/pages\/245\/revisions\/939"}],"wp:attachment":[{"href":"http:\/\/www.einmetjennahmenspreetzen.de\/wordpress\/wp-json\/wp\/v2\/media?parent=245"}],"curies":[{"name":"wp","href":"https:\/\/api.w.org\/{rel}","templated":true}]}}