{"id":235,"date":"2014-06-16T01:37:50","date_gmt":"2014-06-15T23:37:50","guid":{"rendered":"http:\/\/www.einmetjennahmenspreetzen.de\/wordpress\/?page_id=235"},"modified":"2014-07-09T03:28:12","modified_gmt":"2014-07-09T01:28:12","slug":"paul-moeller-und-sein-stiefsohn-christian-albrecht-pickel","status":"publish","type":"page","link":"http:\/\/www.einmetjennahmenspreetzen.de\/wordpress\/paul-moeller-und-sein-stiefsohn-christian-albrecht-pickel\/","title":{"rendered":"Paul M\u00f6ller und sein Stiefsohn Christian-Albrecht Pickel"},"content":{"rendered":"<div style=\"text-align: justify;\">\nEs gibt viele Berufsbezeichnungen f\u00fcr Menschen, die auf Weisung der Obrigkeit andere Menschen foltern und hinrichten. Den Folternden nannte man in <a href=\"http:\/\/www.einmetjennahmenspreetzen.de\/wordpress\/kiel-im-jahr-1676\/\">Kiel<\/a> \u201eFrohn\u201c und \u201eB\u00fcttel\u201c. Den urteilsvollstreckenden Scharfrichter wiederum nannte man \u201eNachrichter\u201c. Frohn\/B\u00fcttel und Nachrichten waren zwei verschiedene Berufe, wahrscheinlich aber wurden beide zu dieser Zeit von derselben Person ausge\u00fcbt. <\/p>\n<div style=\"float: left; margin-right: 30px; text-align: center;\">\n<img decoding=\"async\" loading=\"lazy\" src=\"http:\/\/www.einmetjennahmenspreetzen.de\/wordpress\/wp-content\/uploads\/2014\/07\/04_hist_22_B\u00fcttelei-Strecken.jpg\" width=\"400\" height=\"540\"><br \/>\n<em>Folterung durch Strecken. Holzschnitt aus: Damhoudere:<br \/>\nPraxis rerum criminalium. Antwerpen 1554.<\/em>\n<\/div>\n<p>Im <a href=\"http:\/\/www.einmetjennahmenspreetzen.de\/wordpress\/kiel-im-jahr-1676\/\">Kiel<\/a> des Jahres 1676 hei\u00dft der Frohn\/B\u00fcttel\/Nachrichter Paul M\u00f6ller. Er ist zust\u00e4ndig f\u00fcr die <a href=\"http:\/\/www.einmetjennahmenspreetzen.de\/wordpress\/b\u00fcttelei\/\">B\u00fcttelei<\/a>, das Gef\u00e4ngnis f\u00fcr Schwerverbrecher im Hassturm, wo <a href=\"http:\/\/www.einmetjennahmenspreetzen.de\/wordpress\/trinke-preetzen\/\">Trinke Preetzen<\/a> den Gro\u00dfteil ihrer zwei Monate w\u00e4hrenden Haftzeit verbringt. Auch <a href=\"http:\/\/www.einmetjennahmenspreetzen.de\/wordpress\/hinrich-busch\/\">Hinrich Busch<\/a> wird dort inhaftiert gewesen sein. M\u00f6ller hat wahrscheinlich alle Aufgaben zu erledigen: die Gefangenen zu versorgen, zu foltern und hinzurichten.<\/p>\n<p>M\u00f6llers Familie lebt ebenfalls im Hassturm, und zwar in einer Wohnung im Erdgeschoss, deren R\u00e4ume sich wie ein Mantel um den inneren Trakt mit den Gef\u00e4ngnissen legen. Auf einem Grundriss-Plan, archiviert im Landesamt f\u00fcr Denkmalpflege, kann man auch die Abdeckerei mit dem angrenzenden \u201eFrohner-Garten\u201c gut erkennen. Schlie\u00dflich ist das t\u00e4gliche Brot nicht allein von Gefangenen zu bestreiten &#8211; nicht alle Tage sitzen welche ein. In den Zust\u00e4ndigkeitsbereich des Frohns f\u00e4llt wohl auch die Abdeckerei und die Reinigung des Marktplatzes nach Markttagen. Seine sozialen Kontakte werden gering gewesen sein. Man meidet den Mann, der auf der Schwelle des Todes seinen Lebensunterhalt verdient. An seinen H\u00e4nden klebt zu viel Blut.<\/p>\n<p>M\u00f6ller hat einige Jahre zuvor in die ber\u00fchmte Kieler Scharfrichter-Familie Pickel eingeheiratet, die \u00fcber viele Generationen \u2013 etwa zwischen 1630 und 1829 \u2013 das Amt aus\u00fcbt. Im fraglichen Zeitraum weist die Erbfolge allerdings eine L\u00fccke auf, da Christian-Albrecht Pickel 1667 noch ein Kind ist, als sein Vater stirbt. Witwe Catharina Pickel ehelicht Paul M\u00f6ller, der das Scharfrichter-Amt bis zu seinem Tod 1689 aus\u00fcbte. Bei dessen Ableben ist Christian-Albrecht Pickel 24 Jahre alt und \u00fcbernimmt das ruchbare \u2013 eben nach Tod riechende \u2013 Amt. Im Jahr 1676 d\u00fcrfte er 11 Jahre alt sein. Eine Begegnung mit <a href=\"http:\/\/www.einmetjennahmenspreetzen.de\/wordpress\/anje-preetzen\/\">Anje Preetzen<\/a> ist historisch nicht belegbar.<\/p>\n<p>Literatur: Johann Gr\u00f6nhoff: Litzenbr\u00fcder, Pracherv\u00f6gte und andere vergessene Berufe im alten Kiel. o.J.\n<\/p><\/div>\n","protected":false},"excerpt":{"rendered":"<p>Es gibt viele Berufsbezeichnungen f\u00fcr Menschen, die auf Weisung der Obrigkeit andere Menschen foltern und hinrichten. Den Folternden nannte man in Kiel \u201eFrohn\u201c und \u201eB\u00fcttel\u201c. Den urteilsvollstreckenden Scharfrichter wiederum nannte man \u201eNachrichter\u201c. Frohn\/B\u00fcttel und Nachrichten waren zwei verschiedene Berufe, wahrscheinlich aber wurden beide zu dieser Zeit von derselben Person ausge\u00fcbt. Folterung durch Strecken. Holzschnitt aus: [&hellip;]<\/p>\n","protected":false},"author":1,"featured_media":0,"parent":0,"menu_order":0,"comment_status":"open","ping_status":"open","template":"page-templates\/front-page.php","meta":[],"_links":{"self":[{"href":"http:\/\/www.einmetjennahmenspreetzen.de\/wordpress\/wp-json\/wp\/v2\/pages\/235"}],"collection":[{"href":"http:\/\/www.einmetjennahmenspreetzen.de\/wordpress\/wp-json\/wp\/v2\/pages"}],"about":[{"href":"http:\/\/www.einmetjennahmenspreetzen.de\/wordpress\/wp-json\/wp\/v2\/types\/page"}],"author":[{"embeddable":true,"href":"http:\/\/www.einmetjennahmenspreetzen.de\/wordpress\/wp-json\/wp\/v2\/users\/1"}],"replies":[{"embeddable":true,"href":"http:\/\/www.einmetjennahmenspreetzen.de\/wordpress\/wp-json\/wp\/v2\/comments?post=235"}],"version-history":[{"count":16,"href":"http:\/\/www.einmetjennahmenspreetzen.de\/wordpress\/wp-json\/wp\/v2\/pages\/235\/revisions"}],"predecessor-version":[{"id":936,"href":"http:\/\/www.einmetjennahmenspreetzen.de\/wordpress\/wp-json\/wp\/v2\/pages\/235\/revisions\/936"}],"wp:attachment":[{"href":"http:\/\/www.einmetjennahmenspreetzen.de\/wordpress\/wp-json\/wp\/v2\/media?parent=235"}],"curies":[{"name":"wp","href":"https:\/\/api.w.org\/{rel}","templated":true}]}}