{"id":226,"date":"2014-06-16T01:28:51","date_gmt":"2014-06-15T23:28:51","guid":{"rendered":"http:\/\/www.einmetjennahmenspreetzen.de\/wordpress\/?page_id=226"},"modified":"2014-07-09T03:25:57","modified_gmt":"2014-07-09T01:25:57","slug":"buergermeister-johannes-von-lengerke","status":"publish","type":"page","link":"http:\/\/www.einmetjennahmenspreetzen.de\/wordpress\/buergermeister-johannes-von-lengerke\/","title":{"rendered":"B\u00fcrgermeister Johannes von Lengerke"},"content":{"rendered":"<div style=\"text-align: justify;\">\n<div style=\"float: right; margin-left: 30px; text-align: center;\">\n<img decoding=\"async\" loading=\"lazy\" src=\"http:\/\/www.einmetjennahmenspreetzen.de\/wordpress\/wp-content\/uploads\/2014\/06\/04_hist_19_B\u00fcrgermeister-Johannes-von-Lengerke-Nikolaikirche-weit.jpg\" width=\"500\" height=\"603\"><br \/>\n<em>Johannes von Lengerke, B\u00fcrgermeister. Epitaph in der Kirche St. Nikolai Kiel.<br \/>\nFoto: Koll 2013.<\/em>\n<\/div>\n<p>Die Geschicke der Stadt <a href=\"http:\/\/http:\/\/www.einmetjennahmenspreetzen.de\/wordpress\/kiel-im-jahr-1676\/\">Kiel<\/a> lenkt seit alters her der Magistrat (Rat). Er regiert und f\u00e4llt Urteile nach L\u00fcbschem Recht. An seiner Spitze stehen traditionell zwei B\u00fcrgermeister. Einer davon ist 1676 Johannes von Lengerke.<\/p>\n<p>Er ist kein geb\u00fcrtiger Kieler, lebt aber schon geraume Zeit am Ort, genauer: Ecke Holstenstra\u00dfe\/Faulstra\u00dfe. Auch sein Gro\u00dfonkel war bereits Kieler B\u00fcrgermeister. Geboren wurde Johannes in Osnabr\u00fcck \u2013 darauf verweist der im Drehbuch Lengerke zugeschriebene Ausdruck \u201egnatzig\u201c.<\/p>\n<p>Johannes von Lengerke kann im Jahr 1676 auf eine gl\u00fcckliche Karriere zur\u00fcckblicken, die in ihrer Anbindung an Rechtswesen und Geistlichkeit sp\u00fcrbar Auftrieb erfuhr. Schnell absolvierte von Lenkerke ein Jura-Studium in Rostock. Mit 24 Jahren wurde er Vikar, heiratete mit 29 die einzige Tochter eines L\u00fcbecker Domherren. Sie verstarb fr\u00fch. Mit 32 Jahren heiratete von Lengerke erneut, diesmal die Tochter eines Kieler Landgerichtsnotars. Lengerke wurde Landgerichts-Advokat. Mit 43 Jahren erhob ihn die Kieler Obrigkeit zum Ratsherrn, mit 59 Jahren wurde er zum ersten Mal B\u00fcrgermeister. Seine zweite Frau starb 1663.<\/p>\n<p>1676 ist Johannes von Lengerke 71 Jahre alt, zweimaliger Witwer, verf\u00fcgt \u00fcber viele Jahre Amtserfahrung und langes Haar, das unter einem Scheitelk\u00e4ppchen abw\u00e4rts wallt. Rundherum gl\u00fccklich ist er dennoch nicht. Er sieht sich Zwangsma\u00dfnahmen der d\u00e4nischen Obrigkeit ausgesetzt, die zur Zeit weite holsteinische Landesteile besetzt, darunter auch <a href=\"http:\/\/http:\/\/www.einmetjennahmenspreetzen.de\/wordpress\/kiel-im-jahr-1676\/\">Kiel<\/a>. Chronist Nicolaus Fehse vermerkt, von Lengerke habe seit 1675 \u201eabermals vier Jahre eine gro\u00dfe Kriegsbeschwerde ausstehen <m\u00fcssen>, da man ihn sonderlich vor allen sowohl mit th\u00e4tlicher Gef\u00e4hrlichkeit des Leibes als auch mit h\u00f6chstbeschwerlicher Contribution zugesetzet\u201c habe. M\u00f6glicherweise nehmen die D\u00e4nen Lengerke \u00fcbel, sich in den 40er Jahren an den Schwedischen Kriegen gegen D\u00e4nemark beteiligt zu haben.<\/p>\n<p>Johannes von Lengerke stirbt 1681. Vorher ordnet er das Rechnungswesen der Kirche.\n<\/p><\/div>\n","protected":false},"excerpt":{"rendered":"<p>Johannes von Lengerke, B\u00fcrgermeister. Epitaph in der Kirche St. Nikolai Kiel. Foto: Koll 2013. Die Geschicke der Stadt Kiel lenkt seit alters her der Magistrat (Rat). Er regiert und f\u00e4llt Urteile nach L\u00fcbschem Recht. An seiner Spitze stehen traditionell zwei B\u00fcrgermeister. Einer davon ist 1676 Johannes von Lengerke. Er ist kein geb\u00fcrtiger Kieler, lebt aber [&hellip;]<\/p>\n","protected":false},"author":1,"featured_media":0,"parent":0,"menu_order":0,"comment_status":"open","ping_status":"open","template":"page-templates\/front-page.php","meta":[],"_links":{"self":[{"href":"http:\/\/www.einmetjennahmenspreetzen.de\/wordpress\/wp-json\/wp\/v2\/pages\/226"}],"collection":[{"href":"http:\/\/www.einmetjennahmenspreetzen.de\/wordpress\/wp-json\/wp\/v2\/pages"}],"about":[{"href":"http:\/\/www.einmetjennahmenspreetzen.de\/wordpress\/wp-json\/wp\/v2\/types\/page"}],"author":[{"embeddable":true,"href":"http:\/\/www.einmetjennahmenspreetzen.de\/wordpress\/wp-json\/wp\/v2\/users\/1"}],"replies":[{"embeddable":true,"href":"http:\/\/www.einmetjennahmenspreetzen.de\/wordpress\/wp-json\/wp\/v2\/comments?post=226"}],"version-history":[{"count":12,"href":"http:\/\/www.einmetjennahmenspreetzen.de\/wordpress\/wp-json\/wp\/v2\/pages\/226\/revisions"}],"predecessor-version":[{"id":935,"href":"http:\/\/www.einmetjennahmenspreetzen.de\/wordpress\/wp-json\/wp\/v2\/pages\/226\/revisions\/935"}],"wp:attachment":[{"href":"http:\/\/www.einmetjennahmenspreetzen.de\/wordpress\/wp-json\/wp\/v2\/media?parent=226"}],"curies":[{"name":"wp","href":"https:\/\/api.w.org\/{rel}","templated":true}]}}