{"id":210,"date":"2014-06-16T01:10:21","date_gmt":"2014-06-15T23:10:21","guid":{"rendered":"http:\/\/www.einmetjennahmenspreetzen.de\/wordpress\/?page_id=210"},"modified":"2014-07-09T03:11:45","modified_gmt":"2014-07-09T01:11:45","slug":"trinke-preetzen","status":"publish","type":"page","link":"http:\/\/www.einmetjennahmenspreetzen.de\/wordpress\/trinke-preetzen\/","title":{"rendered":"Trinke Preetzen"},"content":{"rendered":"<div style=\"text-align: justify;\">Trinke (auch Trineke) Preetzen ist Stiefmutter <a href=\"http:\/\/www.einmetjennahmenspreetzen.de\/wordpress\/anje-preetzen\/\">Anjes<\/a> und Tochter des in\/vor Kiel ans\u00e4ssigen Viehhirten <a href=\"http:\/\/www.einmetjennahmenspreetzen.de\/wordpress\/hinrich-busch\/\">Hinrich Busch<\/a>. Das Verh\u00e4ltnis zu Anjes Vater (Sind sie entzweit? Ist er tot? &#8230;) findet in den Akten keine Erw\u00e4hnung. Trinke P. wohnt in der <a href=\"http:\/\/www.einmetjennahmenspreetzen.de\/wordpress\/flaemische-strasse\/\">Fl\u00e4mischen Stra\u00dfe<\/a> im Keller des Hauses von Detlef v. Ahlefeld. Sie ist keine Kieler B\u00fcrgerin, geh\u00f6rt also der Unterschicht an. Ihr Alter ist v\u00f6llig ungewiss. Als Hebamme d\u00fcrfte sie sich nicht verdingt haben \u2013 das w\u00e4re vermutlich in den Akten aufgetaucht.<\/p>\n<h3>Urteil gegen Trinke Preetzen (Obergerichtsprotokoll) am 30.6.1676<\/h3>\n<div style=\"float: right; margin-left: 30px; text-align: center;\">\n<img decoding=\"async\" loading=\"lazy\" src=\"http:\/\/www.einmetjennahmenspreetzen.de\/wordpress\/wp-content\/uploads\/2014\/06\/04_hist_14_Urteil-Trinke-Preetzen.jpg\" width=\"500\" height=\"782\"><br \/>\n<em>Obergerichtsprotokoll der Stadt Kiel Nr. 7, 1674-1679 p. 238, not. chart. coaev.<br \/>\n\u00a9 Stadtarchiv Kiel.<\/em>\n<\/div>\n<p>(Quelle: Stadtarchiv Kiel, Protok der Stadt Kiel Nr. 7, 1674-1679 p. 238, not. chart. coaev.)<\/p>\n<p>Publicatum Kihl den 30. Juni 1676.<br \/>\nIn peinlicher Inquisition\u00a0Sache des hiesigen Gerichts ex officio\u00a0Inquirenten eines, entgegen undt wider Trinke Preetzen als\u00a0Inquisitin anderntheils in p[unct]o bez\u00fcchtigter und \u00fcberwiesener Hexerey\u00a0erkennen B\u00fcrgermeister undt Rath der Stadt Kihl auf[grund]\u00a0constituirter, Fiscalis \u00fcbergebener articulis undt der dagegen von [dem]\u00a0der Inquisitinam adjungirten Defensore deducirten vermei[ntlichen]\u00a0Unschuldt, auch daruf vorgenommenen scharfen Frage, samt\u00a0allen sonst dabey bemerketen undt erwogenen \u00dcmbst\u00e4nden [hier-]mit f\u00fcr recht: Aldieweil aus denen Inquisitionsacten kl\u00e4hrlich erhellet, ein solches auch die Inquisitin selbst bekannt [und]\u00a0dabey bestendig verharret, da\u00df sie in ihrer jugendt von Ihr[es]\u00a0Vattern Bruders Frau Teke Buschen die Hexerey erlernet, Gott\u00a0Ihren Sch\u00f6pfer verl\u00e4ugnet, und sich zu dem Satan undt ihrem\u00a0Abgott [,] Cupidum genannt, gegeben, auch mit demselben nicht\u00a0(Randnotiz: welcher allemal al\u00df ein schwartzer Hund zu ihr gekommen)\u00a0allein einen Bundt gemacht und ihn \u00f6ffters angebetet, sondern auch mit demselben verschiedentlich gebuhlet und Unzucht\u00a0getrieben, daraus W\u00fcrm hervorgebracht, die *Oblaten schendtlich mi\u00dfbrauchet\u00a0(Randnotiz: in den hochheiligen Nachtmahl empfangen), sich unterschiedtlich auf dem Hexentanz mit finden la\u00dfen.\u00a0\u00dcberdem Ihre Stieftochter (bei jahren) Anja Pretzen etwa v[on 13]\u00a0jahren in ihrem Keller zu dieser Hexerey gleichme\u00dfig verleitet, undt sowohl dieselbe, als 4 sogar kleine, annoch unm\u00fcndige Kinder in denen gebeten, an statt Gottes des Satans\u00a0Nahmen zu nennen und also zu beten gottesl\u00e4sterlicher weise\u00a0unterrichtet, durch diesem allen aber sich gegen Gott undt Ihren\u00a0Sch\u00f6pfer gr\u00f6blich vers\u00fcndiget, und dahero sich der so wohl\u00a0Gott- als weldtlichen Rechten hieruf verordnete Strafe w\u00fcrdig\u00a0und theillhaftig gemachet, da\u00df sie derentwegen Ihr selbst zur\u00a0wohlmeritirten Strafe und andern zum abscheu mit der ordentlichen Strafe des Fewers vom vom Leben zum Tode zu bringen sey\u00a0wie sie den[n] hiermit undt in Kraft dieses dazu condemniret undt [ver-]urtheilet undt de\u00dfen execution dem Nachrichter anbefo[hlen]\u00a0wird V[on] R[echt] u[nd] G[erichts] W[egen].\n<\/p><\/div>\n","protected":false},"excerpt":{"rendered":"<p>Trinke (auch Trineke) Preetzen ist Stiefmutter Anjes und Tochter des in\/vor Kiel ans\u00e4ssigen Viehhirten Hinrich Busch. Das Verh\u00e4ltnis zu Anjes Vater (Sind sie entzweit? Ist er tot? &#8230;) findet in den Akten keine Erw\u00e4hnung. Trinke P. wohnt in der Fl\u00e4mischen Stra\u00dfe im Keller des Hauses von Detlef v. Ahlefeld. Sie ist keine Kieler B\u00fcrgerin, geh\u00f6rt [&hellip;]<\/p>\n","protected":false},"author":1,"featured_media":0,"parent":0,"menu_order":0,"comment_status":"open","ping_status":"open","template":"page-templates\/front-page.php","meta":[],"_links":{"self":[{"href":"http:\/\/www.einmetjennahmenspreetzen.de\/wordpress\/wp-json\/wp\/v2\/pages\/210"}],"collection":[{"href":"http:\/\/www.einmetjennahmenspreetzen.de\/wordpress\/wp-json\/wp\/v2\/pages"}],"about":[{"href":"http:\/\/www.einmetjennahmenspreetzen.de\/wordpress\/wp-json\/wp\/v2\/types\/page"}],"author":[{"embeddable":true,"href":"http:\/\/www.einmetjennahmenspreetzen.de\/wordpress\/wp-json\/wp\/v2\/users\/1"}],"replies":[{"embeddable":true,"href":"http:\/\/www.einmetjennahmenspreetzen.de\/wordpress\/wp-json\/wp\/v2\/comments?post=210"}],"version-history":[{"count":9,"href":"http:\/\/www.einmetjennahmenspreetzen.de\/wordpress\/wp-json\/wp\/v2\/pages\/210\/revisions"}],"predecessor-version":[{"id":929,"href":"http:\/\/www.einmetjennahmenspreetzen.de\/wordpress\/wp-json\/wp\/v2\/pages\/210\/revisions\/929"}],"wp:attachment":[{"href":"http:\/\/www.einmetjennahmenspreetzen.de\/wordpress\/wp-json\/wp\/v2\/media?parent=210"}],"curies":[{"name":"wp","href":"https:\/\/api.w.org\/{rel}","templated":true}]}}