{"id":206,"date":"2014-06-16T01:03:09","date_gmt":"2014-06-15T23:03:09","guid":{"rendered":"http:\/\/www.einmetjennahmenspreetzen.de\/wordpress\/?page_id=206"},"modified":"2014-11-15T13:22:27","modified_gmt":"2014-11-15T11:22:27","slug":"anje-preetzen","status":"publish","type":"page","link":"http:\/\/www.einmetjennahmenspreetzen.de\/wordpress\/anje-preetzen\/","title":{"rendered":"Anje Preetzen"},"content":{"rendered":"<div style=\"text-align: justify;\">\nAnje \u2013 oder auch Anja, die Akten schreiben uneinheitlich \u2013 ist 13 Jahre alt. Nach zeitgen\u00f6ssischen Ma\u00dfst\u00e4ben ist sie mithin heiratsf\u00e4hig.<\/p>\n<p>Anje arbeitet 1676 als Dienstmagd auf dem Gut B\u00fclk, einem gro\u00dfen landwirtschaftlichen Gut, das zum Amt Kiel geh\u00f6rt. Seit wann Anje dort arbeitet, ist ungewiss. Ihre Eltern sind unbekannt. Auch wei\u00df man nicht, ob (oder: wie gut) Anje selbst ihre Eltern kennt. Als Stiefmutter wird <a href=\"http:\/\/www.einmetjennahmenspreetzen.de\/wordpress\/trinke-preetzen\/\">Trinke Preetzen<\/a> angegeben, die selbst nicht auf dem Gut wohnt, sondern in Kiel. Das Gut B\u00fclk \u2013 gelegen am Eingang der Kieler F\u00f6rde \u2013 und Kiel liegen einige Fu\u00dfstunden voneinander entfernt (laut Google-Routenplaner: 17,4 Kilometer \/ 3:33 h).<\/p>\n<p>Anjes grunds\u00e4tzliches Verh\u00e4ltnis zu ihrer Stiefmutter ist unbekannt, ebenso die wirklichen Gr\u00fcnde, die Anje zu ihren Vorw\u00fcrfen bewegen. Wahrscheinlich ist, dass Trinke ihre Stieftochter des \u00f6fteren auf Gut B\u00fclk besucht hat. Laut Aktenlage haben Ger\u00fcchte den Gutsbesitzer, Junker Wolf von Buchwald, veranlasst, Amtspersonen der Stadt anzufordern. Sie verh\u00f6ren Anje. Anje sagt aus, ihre Stiefmutter Trinke treibe \u201egottlose Sachen\u201c, gehe auf den \u201ed\u00fcstern bergk\u201c und habe auf dem Gut \u201egehuret\u201c. Laut Urteil hat Trinke Preetzen ihre Stieftochter Anje in ihrem Keller zur Hexerei verleitet. Offenbar haben beide zuvor in Kiel beisammen gewohnt. <\/p>\n<p>Die wahren Gr\u00fcnde der Aussage Anje Preetzens sind unbekannt. Dass das Gut B\u00fclk 1687 in Konkurs ging, k\u00f6nnte ein Indiz daf\u00fcr sein, dass es schon 1676 wirtschaftlich Schlagseite hatte. Zwingend ist die Kausalit\u00e4t nicht. Ebensowenig psychologische Spekulationen.<\/p>\n<p>Ein Indiz f\u00fcr ein gespanntes Mutter-Tochter-Verh\u00e4ltnis w\u00e4re die Reaktion Trinkes auf die Anw\u00fcrfe. Sie gibt den Amtspersonen zu Protokoll, sie kenne das M\u00e4dchen nicht. Die Beh\u00f6rden glauben ihr nicht und veranlassen eine Gegen\u00fcberstellung f\u00fcr den 29.4.1676. Diese endet offenbar mit der Erh\u00e4rtung der Vorw\u00fcrfe.<\/p>\n<div style=\"float: left; margin-right: 30px; text-align: center;\">\n<img decoding=\"async\" loading=\"lazy\" src=\"http:\/\/www.einmetjennahmenspreetzen.de\/wordpress\/wp-content\/uploads\/2014\/06\/04_hist_13_Verh\u00f6r-Antje-Preetzen-.jpg\" width=\"600\" height=\"450\"><br \/>\n<em>Obergerichtsprotokoll der Stadt Kiel Nr. 7, 1674-1679 p. 217, not. chart. coaev. \u00a9 Stadtarchiv Kiel.<\/em>\n<\/div>\n<p>Die Akten geben keine Auskunft dar\u00fcber, was mit Anje Preetzen nach Einleitung des offiziellen Gerichtsverfahrens geschah. Nur aus der Landes-Chronik des Adam Olearius (Kurtzer Begriff einer Holsteinischen Chronic &#8230; Anno 1448 bi\u00df 1663. Schleswig 1663. + Continuierte Fortsetzung Adami Olearii Holsteinischen Chronica Von Anno 1662 bi\u00df 1702. Frankfurt 1703) wissen wir, dass das M\u00e4dchen, obgleich der Hexerei verd\u00e4chtig, \u201eihrer Jugend halber von der Execution verschonet\u201c wurde.<br \/>\nWas geschah mit Anje? Die Forschung ist beim Spekulieren auf Vergleichsf\u00e4lle angewiesen. So ein Fall ereignete sich 1666 in Bad Segeberg. Zu dem Kieler Fall von 1676 wirkt der Segeberger Fall von 1666 wie eine direkte Vorlage: auch hier ging es um eine \u00fcbel beleumundete Familie, Hexerei, Oblatenmissbrauch einer Frau, Sodomie eines Viehhirten, T\u00e4nze auf dem Blocksberg. Auch hier war ein minderj\u00e4hriges M\u00e4dchen Kl\u00e4gerin (und Beklagte): die 14j\u00e4hrige Gretje Grundt, die der leichten Mitt\u00e4terschaft bezichtigt wurde. \u00dcber diesen Fall existiert ein ausf\u00fchrliches Rechtsgutachten (Consilium XXVI, 1668), erstellt von dem Kieler Rechtsprofessor Erich Moritz (Mauritius). Solche Rechtsgutachten galten dem Gericht inoffiziell als verbindlich.<br \/>\nMoritz empfahl f\u00fcr beide Elternteile Strangulierung mit anschlie\u00dfender Verbrennung. Ferner: \u201eDas M\u00e4gdlein\u201c m\u00f6ge mit seiner Mutter, \u201eals ob es gleicher Gestalt vom Leben zum Tode gebracht werden sollte\u201c, auf die Richtstatt gef\u00fchrt werden. Sie sei \u201ehernach, wann sie ihre Mutter hinrichten und den C\u00f6rper verbrennen gesehen, wieder zur\u00fcck zu f\u00fchren, im Gef\u00e4ngnis mit Ruthen zimblich zu z\u00fcchtigen\u201c und danach \u201enicht allein oder m\u00fc\u00dfig zu lassen, sondern zu starker arbeit anzuhalten, von Geistlichen fleissig auf Gottes Wort zu unterhalten\u201c und in die Obhut eines Geistlichen gegeben werden.<\/p>\n<h3>Verh\u00f6r von Antje Preetzen am 25.4.1676<\/h3>\n<p>(Quelle: Stadtarchiv Kiel, Protokoll der Stadt Kiel Nr. 7, 1674-1679 p. 217-218, not. chart. coaev.)<\/p>\n<p>[Randnotiz] Abh(\u00f6rer) Stegelmann \/ Lange nr. 1 p 223. \/<br \/>\nHexensache<br \/>\nActum Kihl den 25. April 1676<br \/>\nIn [xxx] des Consuls Lengerken<br \/>\nReferiert Syndicus wasgestalt er nebst Hrn. Petzolt als inq[irierender] G[eri]chts Actuarius auf B\u00fclk gewesen, alwo der Jungker Hr. Wolf v. Buchwaldt in G[erichts]herr geme\u00dfer Persohn ein Metjen nahmens Preezen von 13 Jahren abh\u00f6ren la\u00dfen welche deponiret, da\u00df Ihre Stiefmutter Trinke Preezen welche alhie unter H(rn) Walter Dettl[ev] v. Ahlefeldt Haus in der Flemischen Stra\u00dfe im Keller wohnet zu allerhant \u00dcbles angewiesen, auch gehe [sie] auf den d\u00fcstern Berck. [Das M\u00e4dchen] remittiret [, jene tue das,] umb all- ein + andere gottlose Sachen zu ver\u00fcben, inngl[eichen] davon da\u00df [jene] zu B\u00fclk gehuret. Protokoll verlesen, wo dar[a]uf concludiret wirt, da\u00df man sich dieser Person versichern + vors erst auf die Veste bringen, + die Hrn. Judices Sie hier\u00fcber vernehmen sollten.<\/p>\n<p><a href=\"https:\/\/www.facebook.com\/profile.php?id=100006735738872\" target=\"_blank\"><img decoding=\"async\" loading=\"lazy\" src=\"http:\/\/www.einmetjennahmenspreetzen.de\/wordpress\/wp-content\/uploads\/2014\/05\/facebook_logo.jpg\" alt=\"facebook_logo\" width=\"60\" height=\"60\" class=\"size-full wp-image-698\" \/><\/a>\n<\/div>\n","protected":false},"excerpt":{"rendered":"<p>Anje \u2013 oder auch Anja, die Akten schreiben uneinheitlich \u2013 ist 13 Jahre alt. Nach zeitgen\u00f6ssischen Ma\u00dfst\u00e4ben ist sie mithin heiratsf\u00e4hig. Anje arbeitet 1676 als Dienstmagd auf dem Gut B\u00fclk, einem gro\u00dfen landwirtschaftlichen Gut, das zum Amt Kiel geh\u00f6rt. Seit wann Anje dort arbeitet, ist ungewiss. Ihre Eltern sind unbekannt. Auch wei\u00df man nicht, ob [&hellip;]<\/p>\n","protected":false},"author":1,"featured_media":0,"parent":0,"menu_order":0,"comment_status":"open","ping_status":"open","template":"page-templates\/front-page.php","meta":[],"_links":{"self":[{"href":"http:\/\/www.einmetjennahmenspreetzen.de\/wordpress\/wp-json\/wp\/v2\/pages\/206"}],"collection":[{"href":"http:\/\/www.einmetjennahmenspreetzen.de\/wordpress\/wp-json\/wp\/v2\/pages"}],"about":[{"href":"http:\/\/www.einmetjennahmenspreetzen.de\/wordpress\/wp-json\/wp\/v2\/types\/page"}],"author":[{"embeddable":true,"href":"http:\/\/www.einmetjennahmenspreetzen.de\/wordpress\/wp-json\/wp\/v2\/users\/1"}],"replies":[{"embeddable":true,"href":"http:\/\/www.einmetjennahmenspreetzen.de\/wordpress\/wp-json\/wp\/v2\/comments?post=206"}],"version-history":[{"count":25,"href":"http:\/\/www.einmetjennahmenspreetzen.de\/wordpress\/wp-json\/wp\/v2\/pages\/206\/revisions"}],"predecessor-version":[{"id":1155,"href":"http:\/\/www.einmetjennahmenspreetzen.de\/wordpress\/wp-json\/wp\/v2\/pages\/206\/revisions\/1155"}],"wp:attachment":[{"href":"http:\/\/www.einmetjennahmenspreetzen.de\/wordpress\/wp-json\/wp\/v2\/media?parent=206"}],"curies":[{"name":"wp","href":"https:\/\/api.w.org\/{rel}","templated":true}]}}