{"id":171,"date":"2014-06-12T05:44:09","date_gmt":"2014-06-12T03:44:09","guid":{"rendered":"http:\/\/www.einmetjennahmenspreetzen.de\/wordpress\/?page_id=171"},"modified":"2014-07-09T02:33:10","modified_gmt":"2014-07-09T00:33:10","slug":"flaemische-strasse","status":"publish","type":"page","link":"http:\/\/www.einmetjennahmenspreetzen.de\/wordpress\/flaemische-strasse\/","title":{"rendered":"Fl\u00e4mische Stra\u00dfe"},"content":{"rendered":"<div style=\"text-align: justify;\">\nDer Wohnort der vermeintlichen Hexe <a href=\"http:\/\/www.einmetjennahmenspreetzen.de\/wordpress\/trinke-preetzen\/\">Trinke Preetzen<\/a> lautet nach Aktenlage: in <a href=\"http:\/\/www.einmetjennahmenspreetzen.de\/wordpress\/kiel-im-jahr-1676\/\">Kiel<\/a> im Keller des Hauses Detlev von Ahlefeld in der Fl\u00e4mischen Stra\u00dfe. H\u00e4tten die H\u00e4user 1676 bereits Nummern gehabt, tr\u00fcge das Haus von Ahlefelds die Nummer 19: ein Haus mit au\u00dfergew\u00f6hnlich breiter Frontfassade.<\/p>\n<div style=\"float:right; margin-left:30px; text-align: center;\">\n<img decoding=\"async\" loading=\"lazy\" src=\"http:\/\/www.einmetjennahmenspreetzen.de\/wordpress\/wp-content\/uploads\/2014\/07\/04_hist_11_Erste-Seite-der-Fl\u00e4mischen-Stra\u00dfe.jpg\" width=\"600\" height=\"171\"><br \/>\n<em>Denkelbok der Stadt Kiel, Nr. 1089 (Scho\u00dfbuch 1675). \u00a9 Stadtarchiv Kiel.<\/em>\n<\/div>\n<p>Die Stra\u00dfe verbindet Markt und Hafen. Das \u2013 der steuerlichen Erfassung dienende \u2013 \u201eScho\u00dfbuch\u201c verzeichnet 1675 alle Bewohner der Fl\u00e4mischen Stra\u00dfe. Hier wohnen unter anderem B\u00fcrgermeister Sulzberger, Archidiakonatswitwe Dorothe Brauer, Ratsherr Michael Petzold, Ratsherr Johannes Fuchs und Stadt-Syndikus Dr. Johannes Hennings. Es ist keine schlechte Gegend, im Gegenteil.<\/p>\n<p>Trinke Preetzen bewohnt den Keller. Nichts ungew\u00f6hnliches f\u00fcr einfaches Volk. Keller haben zumeist Tonnengew\u00f6lbe, dicke Mauern, keine Feuerstelle, keinen Ofen. Sie sind dunkel und im Winter kalt.<\/p>\n<p>Das Haus des Detlev von Ahlefeld (zu Haseldorf und Haselau) genie\u00dft einen seltsamen Ruf. Von Ahlefeld (1617-1686), selbst nicht in Kiel wohnhaft, besch\u00e4ftigt sich intensiv mit der Goldmacherei und hegt okkultistische Interessen. 1675 erleidet er eine private Entt\u00e4uschung, als seine 23j\u00e4hrige Tochter Anna Clarelia mit Kornschreiber Caspar Rathgen durchbrennt. Man findet Anna Clarelia ein Jahr sp\u00e4ter, 1676, in Danzig: verlassen, hochschwanger und verarmt. Die Ehe wird annulliert, das Kind stirbt kurz nach der Geburt. Vater Ahlefeld l\u00e4sst seine Tochter zur Strafe harte Arbeit auf einem Holsteiner Meierhof verrichten. Erst f\u00fcnf Jahre sp\u00e4ter findet Anna Clarelia wieder Aufnahme in die Familie.<\/p>\n<p>Das Kieler Haus bewohnt bis 1669 von Ahlefelds Sohn Christoff, der nach einem (siegreich absolvierten) Duell einen Schlag erleidet und stumm dem Wahn verf\u00e4llt.\n<\/p><\/div>\n","protected":false},"excerpt":{"rendered":"<p>Der Wohnort der vermeintlichen Hexe Trinke Preetzen lautet nach Aktenlage: in Kiel im Keller des Hauses Detlev von Ahlefeld in der Fl\u00e4mischen Stra\u00dfe. H\u00e4tten die H\u00e4user 1676 bereits Nummern gehabt, tr\u00fcge das Haus von Ahlefelds die Nummer 19: ein Haus mit au\u00dfergew\u00f6hnlich breiter Frontfassade. Denkelbok der Stadt Kiel, Nr. 1089 (Scho\u00dfbuch 1675). \u00a9 Stadtarchiv Kiel. [&hellip;]<\/p>\n","protected":false},"author":1,"featured_media":0,"parent":0,"menu_order":0,"comment_status":"open","ping_status":"open","template":"page-templates\/front-page.php","meta":[],"_links":{"self":[{"href":"http:\/\/www.einmetjennahmenspreetzen.de\/wordpress\/wp-json\/wp\/v2\/pages\/171"}],"collection":[{"href":"http:\/\/www.einmetjennahmenspreetzen.de\/wordpress\/wp-json\/wp\/v2\/pages"}],"about":[{"href":"http:\/\/www.einmetjennahmenspreetzen.de\/wordpress\/wp-json\/wp\/v2\/types\/page"}],"author":[{"embeddable":true,"href":"http:\/\/www.einmetjennahmenspreetzen.de\/wordpress\/wp-json\/wp\/v2\/users\/1"}],"replies":[{"embeddable":true,"href":"http:\/\/www.einmetjennahmenspreetzen.de\/wordpress\/wp-json\/wp\/v2\/comments?post=171"}],"version-history":[{"count":14,"href":"http:\/\/www.einmetjennahmenspreetzen.de\/wordpress\/wp-json\/wp\/v2\/pages\/171\/revisions"}],"predecessor-version":[{"id":910,"href":"http:\/\/www.einmetjennahmenspreetzen.de\/wordpress\/wp-json\/wp\/v2\/pages\/171\/revisions\/910"}],"wp:attachment":[{"href":"http:\/\/www.einmetjennahmenspreetzen.de\/wordpress\/wp-json\/wp\/v2\/media?parent=171"}],"curies":[{"name":"wp","href":"https:\/\/api.w.org\/{rel}","templated":true}]}}