{"id":15,"date":"2014-05-14T04:36:13","date_gmt":"2014-05-14T02:36:13","guid":{"rendered":"http:\/\/www.einmetjennahmenspreetzen.de\/wordpress\/?page_id=15"},"modified":"2014-07-07T00:11:19","modified_gmt":"2014-07-06T22:11:19","slug":"cast-credits","status":"publish","type":"page","link":"http:\/\/www.einmetjennahmenspreetzen.de\/wordpress\/cast-credits\/","title":{"rendered":"Cast &#038; Credits"},"content":{"rendered":"<div style=\"text-align: justify;\">\n<h2>Cast<\/h2>\n<table border=\"0\" width=\"500\">\n<tbody>\n<tr>\n<td width=\"250\">Sprecherin s\u00e4mtlicher Personen:<\/td>\n<td><a href=\"http:\/\/www.katjahensel.de\" target=\"_blank\">Katja Hensel<\/a><\/td>\n<\/tr>\n<\/tbody>\n<\/table>\n<h2>Credits<\/h2>\n<table border=\"0\" width=\"500\">\n<tbody>\n<tr>\n<td width=\"250\">eine Koll-Filmproduktion<\/td>\n<td><\/td>\n<\/tr>\n<tr>\n<td width=\"250\">Regie, Buch, Produktion, Kamera:<\/td>\n<td><a href=\"http:\/\/www.kulturserver.de\/-\/kulturschaffende\/detail\/9034\" target=\"_blank\">Gerald Koll<\/a><\/td>\n<\/tr>\n<tr>\n<td width=\"250\">Schnitt:<\/td>\n<td><a href=\"http:\/\/www.urbanfilm-berlin.de\/friederike-anders\/\" target=\"_blank\">Friederike Anders<\/a><\/td>\n<\/tr>\n<tr>\n<td width=\"250\">Musik:<\/td>\n<td><a href=\"http:\/\/www.schwungkunst.de\/wordpress\" target=\"_blank\">J\u00f6rg Meyer<\/a><\/td>\n<\/tr>\n<tr>\n<td width=\"250\">Beitr\u00e4ge zur Musik:<\/td>\n<td><a href=\"https:\/\/soundcloud.com\/swi-r-l\" target=\"_blank\">Rainer Klehn<\/a><\/td>\n<\/tr>\n<tr>\n<td width=\"250\"><\/td>\n<td><a href=\"http:\/\/www.klangdepot.de\/\" target=\"_blank\">Thelonious von Schulz<\/a><\/td>\n<\/tr>\n<\/tbody>\n<\/table>\n<h2>F\u00f6rderung<\/h2>\n<p><img decoding=\"async\" loading=\"lazy\" class=\"size-full wp-image-678\" src=\"http:\/\/www.einmetjennahmenspreetzen.de\/wordpress\/wp-content\/uploads\/2014\/05\/f\u00f6rderer_logos_nebeneinander.jpg\" alt=\"f\u00f6rderer_logos_nebeneinander\" width=\"500\" height=\"96\" srcset=\"http:\/\/www.einmetjennahmenspreetzen.de\/wordpress\/wp-content\/uploads\/2014\/05\/f\u00f6rderer_logos_nebeneinander.jpg 500w, http:\/\/www.einmetjennahmenspreetzen.de\/wordpress\/wp-content\/uploads\/2014\/05\/f\u00f6rderer_logos_nebeneinander-300x57.jpg 300w\" sizes=\"(max-width: 500px) 100vw, 500px\" \/><\/p>\n<p><a href=\"http:\/\/www.fwhsh.de\/sites\/de_1850.asp\" target=\"_blank\">Filmwerkstatt der Filmf\u00f6rderung Hamburg Schleswig-Holstein<\/a><br \/>\n<a href=\"http:\/\/www.kiel.de\/kultur\/index.php\" target=\"_blank\">Landeshauptstadt Kiel |\u00a0Amt f\u00fcr Kultur und Weiterbildung<\/a><br \/>\n<a href=\"http:\/\/www.kulturpreise.de\/web\/preise_info.php?cPath=4&amp;preisd_id=2288&amp;kpsid=cffee19d20137019698ad8224ac41f15\" target=\"_blank\">Land Schleswig-Hostein | K\u00fcnstlerhaus Kloster Cismar<\/a><\/p>\n<h2>Dank<\/h2>\n<p>Die Produktion dankt folgenden Institutionen und Archiven f\u00fcr die \u00dcberlassung von Bildmaterialien und anderweitige Unterst\u00fctzung:<\/p>\n<ul>\n<li>Bildarchiv Foto Marburg. Deutsches Dokumentationszentrum f\u00fcr Kunstgeschichte. Philipps-Universit\u00e4t Marburg<\/li>\n<li>Christian-Albrechts-Universit\u00e4t Kiel<\/li>\n<li>foto renard<\/li>\n<li>Gesellschaft f\u00fcr Kieler Stadtgeschichte<\/li>\n<li>Herzog August Bibliothek Wolfenb\u00fcttel<\/li>\n<li>Landesamt f\u00fcr Denkmalpflege Schleswig-Holstein<\/li>\n<li>Landesarchiv Schleswig-Holstein\/Landesfilmarchiv<\/li>\n<li>Landeshauptstadt Kiel \u2013 Amt f\u00fcr Kultur und Weiterbildung<\/li>\n<li>Quagga Illustrations<\/li>\n<li>Schleswig-Holsteinische Landesbibliothek Kiel<\/li>\n<li>Stiftung Schleswig-Holsteinische Landesmuseen Schloss Gottorf<\/li>\n<li>Staatsbibliothek zu Berlin \u2013 Preu\u00dfischer Kulturbesitz<\/li>\n<li>Stadtarchiv Landeshauptstadt Kiel<\/li>\n<li>Zentralbibliothek Z\u00fcrich<\/li>\n<\/ul>\n<\/div>\n<h2>Pers\u00f6nlicher Dank gilt:<\/h2>\n<p>Dr. Jens Ahlers, Lith Bahlmann, Mirko Bonn\u00e9, Robin Detje, Rainer Grams, Dr. Rita Gudermann, Dr. Dirk Jachomowski, Dr. J\u00fcrgen Jensen, Ralf Laack, Prof. Dr. R\u00fcdiger Lessig, Dr. Klaus-Joachim Lorenzen-Schmidt, Ren\u00e9 Perraudin, Johannes Rosenpl\u00e4nter, Friedhelm Schneider, Eckart Sch\u00f6nbeck,\u00a0Dr. Rolf Schulte, Wilhelm Semrau, Matthias Strubelt, Michael Tuttle, Prof. Dr. Urs Wyss<\/p>\n","protected":false},"excerpt":{"rendered":"<p>Cast Sprecherin s\u00e4mtlicher Personen: Katja Hensel Credits eine Koll-Filmproduktion Regie, Buch, Produktion, Kamera: Gerald Koll Schnitt: Friederike Anders Musik: J\u00f6rg Meyer Beitr\u00e4ge zur Musik: Rainer Klehn Thelonious von Schulz F\u00f6rderung Filmwerkstatt der Filmf\u00f6rderung Hamburg Schleswig-Holstein Landeshauptstadt Kiel |\u00a0Amt f\u00fcr Kultur und Weiterbildung Land Schleswig-Hostein | K\u00fcnstlerhaus Kloster Cismar Dank Die Produktion dankt folgenden Institutionen und [&hellip;]<\/p>\n","protected":false},"author":1,"featured_media":0,"parent":0,"menu_order":0,"comment_status":"closed","ping_status":"open","template":"page-templates\/front-page.php","meta":[],"_links":{"self":[{"href":"http:\/\/www.einmetjennahmenspreetzen.de\/wordpress\/wp-json\/wp\/v2\/pages\/15"}],"collection":[{"href":"http:\/\/www.einmetjennahmenspreetzen.de\/wordpress\/wp-json\/wp\/v2\/pages"}],"about":[{"href":"http:\/\/www.einmetjennahmenspreetzen.de\/wordpress\/wp-json\/wp\/v2\/types\/page"}],"author":[{"embeddable":true,"href":"http:\/\/www.einmetjennahmenspreetzen.de\/wordpress\/wp-json\/wp\/v2\/users\/1"}],"replies":[{"embeddable":true,"href":"http:\/\/www.einmetjennahmenspreetzen.de\/wordpress\/wp-json\/wp\/v2\/comments?post=15"}],"version-history":[{"count":46,"href":"http:\/\/www.einmetjennahmenspreetzen.de\/wordpress\/wp-json\/wp\/v2\/pages\/15\/revisions"}],"predecessor-version":[{"id":702,"href":"http:\/\/www.einmetjennahmenspreetzen.de\/wordpress\/wp-json\/wp\/v2\/pages\/15\/revisions\/702"}],"wp:attachment":[{"href":"http:\/\/www.einmetjennahmenspreetzen.de\/wordpress\/wp-json\/wp\/v2\/media?parent=15"}],"curies":[{"name":"wp","href":"https:\/\/api.w.org\/{rel}","templated":true}]}}